{"id":4021,"date":"2023-07-05T01:00:58","date_gmt":"2023-07-04T17:00:58","guid":{"rendered":"https:\/\/www.dgkoto.com\/?post_type=product&#038;p=4021"},"modified":"2023-07-05T01:04:56","modified_gmt":"2023-07-04T17:04:56","slug":"daily-necessities-packaging-mold-core-thread-core-gear-core-10","status":"publish","type":"product","link":"https:\/\/www.dgkoto.com\/es\/product\/daily-necessities-packaging-mold-core-thread-core-gear-core-10\/","title":{"rendered":"Necesidades diarias de embalaje N\u00facleo de molde, n\u00facleo de rosca, n\u00facleo de engranaje"},"content":{"rendered":"<p><img loading=\"lazy\" decoding=\"async\" class=\"alignnone size-full wp-image-4005\" src=\"https:\/\/www.dgkoto.com\/wp-content\/uploads\/2023\/07\/Daily-necessities-packaging-mold-core-thread-core-gear-core\uff0c10.png\" alt=\"\" width=\"800\" height=\"800\" srcset=\"https:\/\/www.dgkoto.com\/wp-content\/uploads\/2023\/07\/Daily-necessities-packaging-mold-core-thread-core-gear-core\uff0c10.png 800w, https:\/\/www.dgkoto.com\/wp-content\/uploads\/2023\/07\/Daily-necessities-packaging-mold-core-thread-core-gear-core\uff0c10-300x300.png 300w, https:\/\/www.dgkoto.com\/wp-content\/uploads\/2023\/07\/Daily-necessities-packaging-mold-core-thread-core-gear-core\uff0c10-150x150.png 150w, https:\/\/www.dgkoto.com\/wp-content\/uploads\/2023\/07\/Daily-necessities-packaging-mold-core-thread-core-gear-core\uff0c10-768x768.png 768w, https:\/\/www.dgkoto.com\/wp-content\/uploads\/2023\/07\/Daily-necessities-packaging-mold-core-thread-core-gear-core\uff0c10-12x12.png 12w, https:\/\/www.dgkoto.com\/wp-content\/uploads\/2023\/07\/Daily-necessities-packaging-mold-core-thread-core-gear-core\uff0c10-600x600.png 600w, https:\/\/www.dgkoto.com\/wp-content\/uploads\/2023\/07\/Daily-necessities-packaging-mold-core-thread-core-gear-core\uff0c10-100x100.png 100w\" sizes=\"auto, (max-width: 800px) 100vw, 800px\" \/> <img loading=\"lazy\" decoding=\"async\" class=\"alignnone size-full wp-image-4009\" src=\"https:\/\/www.dgkoto.com\/wp-content\/uploads\/2023\/07\/Daily-necessities-packaging-mold-core-thread-core-gear-core\uff0c14.png\" alt=\"\" width=\"800\" height=\"800\" srcset=\"https:\/\/www.dgkoto.com\/wp-content\/uploads\/2023\/07\/Daily-necessities-packaging-mold-core-thread-core-gear-core\uff0c14.png 800w, https:\/\/www.dgkoto.com\/wp-content\/uploads\/2023\/07\/Daily-necessities-packaging-mold-core-thread-core-gear-core\uff0c14-300x300.png 300w, https:\/\/www.dgkoto.com\/wp-content\/uploads\/2023\/07\/Daily-necessities-packaging-mold-core-thread-core-gear-core\uff0c14-150x150.png 150w, https:\/\/www.dgkoto.com\/wp-content\/uploads\/2023\/07\/Daily-necessities-packaging-mold-core-thread-core-gear-core\uff0c14-768x768.png 768w, https:\/\/www.dgkoto.com\/wp-content\/uploads\/2023\/07\/Daily-necessities-packaging-mold-core-thread-core-gear-core\uff0c14-12x12.png 12w, https:\/\/www.dgkoto.com\/wp-content\/uploads\/2023\/07\/Daily-necessities-packaging-mold-core-thread-core-gear-core\uff0c14-600x600.png 600w, https:\/\/www.dgkoto.com\/wp-content\/uploads\/2023\/07\/Daily-necessities-packaging-mold-core-thread-core-gear-core\uff0c14-100x100.png 100w\" sizes=\"auto, (max-width: 800px) 100vw, 800px\" \/> <img loading=\"lazy\" decoding=\"async\" class=\"alignnone size-full wp-image-4008\" src=\"https:\/\/www.dgkoto.com\/wp-content\/uploads\/2023\/07\/Daily-necessities-packaging-mold-core-thread-core-gear-core\uff0c13.png\" alt=\"\" width=\"800\" height=\"800\" srcset=\"https:\/\/www.dgkoto.com\/wp-content\/uploads\/2023\/07\/Daily-necessities-packaging-mold-core-thread-core-gear-core\uff0c13.png 800w, https:\/\/www.dgkoto.com\/wp-content\/uploads\/2023\/07\/Daily-necessities-packaging-mold-core-thread-core-gear-core\uff0c13-300x300.png 300w, https:\/\/www.dgkoto.com\/wp-content\/uploads\/2023\/07\/Daily-necessities-packaging-mold-core-thread-core-gear-core\uff0c13-150x150.png 150w, https:\/\/www.dgkoto.com\/wp-content\/uploads\/2023\/07\/Daily-necessities-packaging-mold-core-thread-core-gear-core\uff0c13-768x768.png 768w, https:\/\/www.dgkoto.com\/wp-content\/uploads\/2023\/07\/Daily-necessities-packaging-mold-core-thread-core-gear-core\uff0c13-12x12.png 12w, https:\/\/www.dgkoto.com\/wp-content\/uploads\/2023\/07\/Daily-necessities-packaging-mold-core-thread-core-gear-core\uff0c13-600x600.png 600w, https:\/\/www.dgkoto.com\/wp-content\/uploads\/2023\/07\/Daily-necessities-packaging-mold-core-thread-core-gear-core\uff0c13-100x100.png 100w\" sizes=\"auto, (max-width: 800px) 100vw, 800px\" \/><\/p>\n<figure id=\"attachment_4007\" aria-describedby=\"caption-attachment-4007\" style=\"width: 800px\" class=\"wp-caption alignnone\"><img loading=\"lazy\" decoding=\"async\" class=\"size-full wp-image-4007\" src=\"https:\/\/www.dgkoto.com\/wp-content\/uploads\/2023\/07\/Daily-necessities-packaging-mold-core-thread-core-gear-core\uff0c12.png\" alt=\"\" width=\"800\" height=\"800\" srcset=\"https:\/\/www.dgkoto.com\/wp-content\/uploads\/2023\/07\/Daily-necessities-packaging-mold-core-thread-core-gear-core\uff0c12.png 800w, https:\/\/www.dgkoto.com\/wp-content\/uploads\/2023\/07\/Daily-necessities-packaging-mold-core-thread-core-gear-core\uff0c12-300x300.png 300w, https:\/\/www.dgkoto.com\/wp-content\/uploads\/2023\/07\/Daily-necessities-packaging-mold-core-thread-core-gear-core\uff0c12-150x150.png 150w, https:\/\/www.dgkoto.com\/wp-content\/uploads\/2023\/07\/Daily-necessities-packaging-mold-core-thread-core-gear-core\uff0c12-768x768.png 768w, https:\/\/www.dgkoto.com\/wp-content\/uploads\/2023\/07\/Daily-necessities-packaging-mold-core-thread-core-gear-core\uff0c12-12x12.png 12w, https:\/\/www.dgkoto.com\/wp-content\/uploads\/2023\/07\/Daily-necessities-packaging-mold-core-thread-core-gear-core\uff0c12-600x600.png 600w, https:\/\/www.dgkoto.com\/wp-content\/uploads\/2023\/07\/Daily-necessities-packaging-mold-core-thread-core-gear-core\uff0c12-100x100.png 100w\" sizes=\"auto, (max-width: 800px) 100vw, 800px\" \/><figcaption id=\"caption-attachment-4007\" class=\"wp-caption-text\">Necesidades diarias de embalaje N\u00facleo de molde, n\u00facleo de rosca, n\u00facleo de engranaje<\/figcaption><\/figure>","protected":false},"excerpt":{"rendered":"","protected":false},"featured_media":4007,"comment_status":"open","ping_status":"closed","template":"","meta":[],"product_cat":[63],"product_tag":[83],"class_list":["post-4021","product","type-product","status-publish","has-post-thumbnail","hentry","product_cat-plastic-cap-mold-cores","product_tag-customized-precision-mold-core-customized-precision-mold-cavitymedical-mold-corenon-standard-customized-mold-coremedical-mold-insertcustom-mold-cavity"],"yoast_head":"<!-- This site is optimized with the Yoast SEO plugin v20.10 - https:\/\/yoast.com\/wordpress\/plugins\/seo\/ -->\n<title>Daily necessities packaging mold core, thread core, gear core - Custom processing,Precision mold parts, mold core, cavity processing,plastic mould parts,mould parts<\/title>\n<meta name=\"robots\" content=\"index, follow, max-snippet:-1, max-image-preview:large, max-video-preview:-1\" \/>\n<link rel=\"canonical\" href=\"https:\/\/www.dgkoto.com\/es\/producto\/daily-necessities-packaging-mold-core-thread-core-gear-core-10\/\" \/>\n<meta property=\"og:locale\" content=\"es_ES\" \/>\n<meta property=\"og:type\" content=\"article\" \/>\n<meta property=\"og:title\" content=\"Daily necessities packaging mold core, thread core, gear core - Custom processing,Precision mold parts, mold core, cavity processing,plastic mould parts,mould parts\" \/>\n<meta property=\"og:url\" content=\"https:\/\/www.dgkoto.com\/es\/producto\/daily-necessities-packaging-mold-core-thread-core-gear-core-10\/\" \/>\n<meta property=\"og:site_name\" content=\"Custom processing,Precision mold parts, mold core, cavity processing,plastic mould parts,mould parts\" \/>\n<meta property=\"article:modified_time\" content=\"2023-07-04T17:04:56+00:00\" \/>\n<meta property=\"og:image\" content=\"https:\/\/www.dgkoto.com\/wp-content\/uploads\/2023\/07\/Daily-necessities-packaging-mold-core-thread-core-gear-core\uff0c12.png\" \/>\n\t<meta property=\"og:image:width\" content=\"800\" \/>\n\t<meta property=\"og:image:height\" content=\"800\" \/>\n\t<meta property=\"og:image:type\" content=\"image\/png\" \/>\n<meta name=\"twitter:card\" content=\"summary_large_image\" \/>\n<meta name=\"twitter:label1\" content=\"Tiempo de lectura\" \/>\n\t<meta name=\"twitter:data1\" content=\"1 minuto\" \/>\n<script type=\"application\/ld+json\" class=\"yoast-schema-graph\">{\"@context\":\"https:\/\/schema.org\",\"@graph\":[{\"@type\":\"WebPage\",\"@id\":\"https:\/\/www.dgkoto.com\/product\/daily-necessities-packaging-mold-core-thread-core-gear-core-10\/\",\"url\":\"https:\/\/www.dgkoto.com\/product\/daily-necessities-packaging-mold-core-thread-core-gear-core-10\/\",\"name\":\"Daily necessities packaging mold core, thread core, gear core - Custom processing,Precision mold parts, mold core, cavity processing,plastic mould parts,mould parts\",\"isPartOf\":{\"@id\":\"https:\/\/www.dgkoto.com\/#website\"},\"datePublished\":\"2023-07-04T17:00:58+00:00\",\"dateModified\":\"2023-07-04T17:04:56+00:00\",\"breadcrumb\":{\"@id\":\"https:\/\/www.dgkoto.com\/product\/daily-necessities-packaging-mold-core-thread-core-gear-core-10\/#breadcrumb\"},\"inLanguage\":\"es\",\"potentialAction\":[{\"@type\":\"ReadAction\",\"target\":[\"https:\/\/www.dgkoto.com\/product\/daily-necessities-packaging-mold-core-thread-core-gear-core-10\/\"]}]},{\"@type\":\"BreadcrumbList\",\"@id\":\"https:\/\/www.dgkoto.com\/product\/daily-necessities-packaging-mold-core-thread-core-gear-core-10\/#breadcrumb\",\"itemListElement\":[{\"@type\":\"ListItem\",\"position\":1,\"name\":\"\u9996\u9875\",\"item\":\"https:\/\/www.dgkoto.com\/\"},{\"@type\":\"ListItem\",\"position\":2,\"name\":\"Products\",\"item\":\"https:\/\/www.dgkoto.com\/?page_id=1731\"},{\"@type\":\"ListItem\",\"position\":3,\"name\":\"Daily necessities packaging mold core, thread core, gear core\"}]},{\"@type\":\"WebSite\",\"@id\":\"https:\/\/www.dgkoto.com\/#website\",\"url\":\"https:\/\/www.dgkoto.com\/\",\"name\":\"Custom processing,Precision mold parts, mold core, cavity processing\",\"description\":\"Dongguan KOTO mould Technology Co., LTD\",\"publisher\":{\"@id\":\"https:\/\/www.dgkoto.com\/#organization\"},\"potentialAction\":[{\"@type\":\"SearchAction\",\"target\":{\"@type\":\"EntryPoint\",\"urlTemplate\":\"https:\/\/www.dgkoto.com\/?s={search_term_string}\"},\"query-input\":\"required name=search_term_string\"}],\"inLanguage\":\"es\"},{\"@type\":\"Organization\",\"@id\":\"https:\/\/www.dgkoto.com\/#organization\",\"name\":\"Dongguan KOTO Mold Technology Co., Ltd.\",\"url\":\"https:\/\/www.dgkoto.com\/\",\"logo\":{\"@type\":\"ImageObject\",\"inLanguage\":\"es\",\"@id\":\"https:\/\/www.dgkoto.com\/#\/schema\/logo\/image\/\",\"url\":\"https:\/\/www.dgkoto.com\/wp-content\/uploads\/2023\/06\/512-512LOGO_\u526f\u672c\u65b0LOGO.png\",\"contentUrl\":\"https:\/\/www.dgkoto.com\/wp-content\/uploads\/2023\/06\/512-512LOGO_\u526f\u672c\u65b0LOGO.png\",\"width\":614,\"height\":614,\"caption\":\"Dongguan KOTO Mold Technology Co., Ltd.\"},\"image\":{\"@id\":\"https:\/\/www.dgkoto.com\/#\/schema\/logo\/image\/\"}}]}<\/script>\n<!-- \/ Yoast SEO plugin. -->","yoast_head_json":{"title":"Daily necessities packaging mold core, thread core, gear core - Custom processing,Precision mold parts, mold core, cavity processing,plastic mould parts,mould parts","robots":{"index":"index","follow":"follow","max-snippet":"max-snippet:-1","max-image-preview":"max-image-preview:large","max-video-preview":"max-video-preview:-1"},"canonical":"https:\/\/www.dgkoto.com\/es\/producto\/daily-necessities-packaging-mold-core-thread-core-gear-core-10\/","og_locale":"es_ES","og_type":"article","og_title":"Daily necessities packaging mold core, thread core, gear core - Custom processing,Precision mold parts, mold core, cavity processing,plastic mould parts,mould parts","og_url":"https:\/\/www.dgkoto.com\/es\/producto\/daily-necessities-packaging-mold-core-thread-core-gear-core-10\/","og_site_name":"Custom processing,Precision mold parts, mold core, cavity processing,plastic mould parts,mould parts","article_modified_time":"2023-07-04T17:04:56+00:00","og_image":[{"width":800,"height":800,"url":"https:\/\/www.dgkoto.com\/wp-content\/uploads\/2023\/07\/Daily-necessities-packaging-mold-core-thread-core-gear-core\uff0c12.png","type":"image\/png"}],"twitter_card":"summary_large_image","twitter_misc":{"Tiempo de lectura":"1 minuto"},"schema":{"@context":"https:\/\/schema.org","@graph":[{"@type":"WebPage","@id":"https:\/\/www.dgkoto.com\/product\/daily-necessities-packaging-mold-core-thread-core-gear-core-10\/","url":"https:\/\/www.dgkoto.com\/product\/daily-necessities-packaging-mold-core-thread-core-gear-core-10\/","name":"Daily necessities packaging mold core, thread core, gear core - Custom processing,Precision mold parts, mold core, cavity processing,plastic mould parts,mould parts","isPartOf":{"@id":"https:\/\/www.dgkoto.com\/#website"},"datePublished":"2023-07-04T17:00:58+00:00","dateModified":"2023-07-04T17:04:56+00:00","breadcrumb":{"@id":"https:\/\/www.dgkoto.com\/product\/daily-necessities-packaging-mold-core-thread-core-gear-core-10\/#breadcrumb"},"inLanguage":"es","potentialAction":[{"@type":"ReadAction","target":["https:\/\/www.dgkoto.com\/product\/daily-necessities-packaging-mold-core-thread-core-gear-core-10\/"]}]},{"@type":"BreadcrumbList","@id":"https:\/\/www.dgkoto.com\/product\/daily-necessities-packaging-mold-core-thread-core-gear-core-10\/#breadcrumb","itemListElement":[{"@type":"ListItem","position":1,"name":"\u9996\u9875","item":"https:\/\/www.dgkoto.com\/"},{"@type":"ListItem","position":2,"name":"Products","item":"https:\/\/www.dgkoto.com\/?page_id=1731"},{"@type":"ListItem","position":3,"name":"Daily necessities packaging mold core, thread core, gear core"}]},{"@type":"WebSite","@id":"https:\/\/www.dgkoto.com\/#website","url":"https:\/\/www.dgkoto.com\/","name":"Custom processing,Precision mold parts, mold core, cavity processing","description":"Dongguan KOTO mould Technology Co., LTD","publisher":{"@id":"https:\/\/www.dgkoto.com\/#organization"},"potentialAction":[{"@type":"SearchAction","target":{"@type":"EntryPoint","urlTemplate":"https:\/\/www.dgkoto.com\/?s={search_term_string}"},"query-input":"required name=search_term_string"}],"inLanguage":"es"},{"@type":"Organization","@id":"https:\/\/www.dgkoto.com\/#organization","name":"Dongguan KOTO Mold Technology Co., Ltd.","url":"https:\/\/www.dgkoto.com\/","logo":{"@type":"ImageObject","inLanguage":"es","@id":"https:\/\/www.dgkoto.com\/#\/schema\/logo\/image\/","url":"https:\/\/www.dgkoto.com\/wp-content\/uploads\/2023\/06\/512-512LOGO_\u526f\u672c\u65b0LOGO.png","contentUrl":"https:\/\/www.dgkoto.com\/wp-content\/uploads\/2023\/06\/512-512LOGO_\u526f\u672c\u65b0LOGO.png","width":614,"height":614,"caption":"Dongguan KOTO Mold Technology Co., Ltd."},"image":{"@id":"https:\/\/www.dgkoto.com\/#\/schema\/logo\/image\/"}}]}},"_links":{"self":[{"href":"https:\/\/www.dgkoto.com\/es\/wp-json\/wp\/v2\/product\/4021","targetHints":{"allow":["GET"]}}],"collection":[{"href":"https:\/\/www.dgkoto.com\/es\/wp-json\/wp\/v2\/product"}],"about":[{"href":"https:\/\/www.dgkoto.com\/es\/wp-json\/wp\/v2\/types\/product"}],"replies":[{"embeddable":true,"href":"https:\/\/www.dgkoto.com\/es\/wp-json\/wp\/v2\/comments?post=4021"}],"wp:featuredmedia":[{"embeddable":true,"href":"https:\/\/www.dgkoto.com\/es\/wp-json\/wp\/v2\/media\/4007"}],"wp:attachment":[{"href":"https:\/\/www.dgkoto.com\/es\/wp-json\/wp\/v2\/media?parent=4021"}],"wp:term":[{"taxonomy":"product_cat","embeddable":true,"href":"https:\/\/www.dgkoto.com\/es\/wp-json\/wp\/v2\/product_cat?post=4021"},{"taxonomy":"product_tag","embeddable":true,"href":"https:\/\/www.dgkoto.com\/es\/wp-json\/wp\/v2\/product_tag?post=4021"}],"curies":[{"name":"wp","href":"https:\/\/api.w.org\/{rel}","templated":true}]}}