{"id":3437,"date":"2023-06-27T13:32:06","date_gmt":"2023-06-27T05:32:06","guid":{"rendered":"http:\/\/www.dgkoto.com\/?post_type=product&#038;p=3437"},"modified":"2023-07-04T00:46:12","modified_gmt":"2023-07-03T16:46:12","slug":"non-standard-customized-precision-mold-cavity-4","status":"publish","type":"product","link":"https:\/\/www.dgkoto.com\/es\/product\/non-standard-customized-precision-mold-cavity-4\/","title":{"rendered":"Cavidad de molde de precisi\u00f3n personalizada no est\u00e1ndar"},"content":{"rendered":"<p><img loading=\"lazy\" decoding=\"async\" class=\"alignnone size-medium wp-image-3410\" src=\"http:\/\/www.dgkoto.com\/wp-content\/uploads\/2023\/06\/Custom-mold-components-China-5-300x300.png\" alt=\"\" width=\"300\" height=\"300\" srcset=\"https:\/\/www.dgkoto.com\/wp-content\/uploads\/2023\/06\/Custom-mold-components-China-5-300x300.png 300w, https:\/\/www.dgkoto.com\/wp-content\/uploads\/2023\/06\/Custom-mold-components-China-5-150x150.png 150w, https:\/\/www.dgkoto.com\/wp-content\/uploads\/2023\/06\/Custom-mold-components-China-5-768x768.png 768w, https:\/\/www.dgkoto.com\/wp-content\/uploads\/2023\/06\/Custom-mold-components-China-5-12x12.png 12w, https:\/\/www.dgkoto.com\/wp-content\/uploads\/2023\/06\/Custom-mold-components-China-5-600x600.png 600w, https:\/\/www.dgkoto.com\/wp-content\/uploads\/2023\/06\/Custom-mold-components-China-5-100x100.png 100w, https:\/\/www.dgkoto.com\/wp-content\/uploads\/2023\/06\/Custom-mold-components-China-5.png 800w\" sizes=\"auto, (max-width: 300px) 100vw, 300px\" \/><\/p>\n<p><span lang=\"EN-US\">Componentes de moldes de pl\u00e1stico no est\u00e1ndar personalizados \/ Piezas de moldes de conectores<\/span><\/p>\n<p><span lang=\"EN-US\">KOTO Mould mold parts company es un fabricante profesional de piezas de moldes de inyecci\u00f3n en China.<\/span><\/p>\n<p><span lang=\"EN-US\">1. Podemos ofrecer piezas de moldes de inyecci\u00f3n, Cosm\u00e9ticos componente del molde con todo tipo de material met\u00e1lico.<\/span><\/p>\n<p><span lang=\"EN-US\">2. Piezas de moldes de autom\u00f3viles, piezas de moldes de equipos m\u00e9dicos, piezas de moldes de productos electr\u00f3nicos, etc.<\/span><\/p>\n<p><span lang=\"EN-US\">3. Podemos ayudarle sin importar si necesita peque\u00f1as o grandes cantidades.<\/span><\/p>\n<p><span lang=\"EN-US\">4. Nuestros productos son de alta calidad, precio competitivo y plazo de entrega r\u00e1pido.<\/span><\/p>\n<p><span lang=\"EN-US\">5. Nos centramos en la fabricaci\u00f3n y producci\u00f3n de piezas de moldes, pintura, fabricaci\u00f3n y producci\u00f3n de moldes de paredes finas y piezas de alta precisi\u00f3n.<\/span><\/p>\n<p><span lang=\"EN-US\">Componentes Introducci\u00f3n<\/span><\/p>\n<p><span lang=\"EN-US\">1. Proporcionamos servicios de mecanizado OEM de piezas de moldes de inyecci\u00f3n de precisi\u00f3n basados en las necesidades de nuestros clientes industriales.<\/span><\/p>\n<p><span lang=\"EN-US\">2. Podemos manejar dibujos de dise\u00f1o en formato IGS STP STEP STL X-T PRT DWG PDF.<\/span><\/p>\n<p><span lang=\"EN-US\">3. Varias formas, amplia gama de tama\u00f1os son factibles<\/span><\/p>\n<p><span lang=\"EN-US\">4. Certificaci\u00f3n: ISO9001, calidad bien controlada<\/span><\/p>\n<p><span lang=\"EN-US\">5. 5. Un equipo de ingenieros con amplia experiencia que le ofrece un servicio de asistencia las 24 horas del d\u00eda, los 7 d\u00edas de la semana, para cualquier duda que pueda tener sobre la fabricaci\u00f3n.<\/span><\/p>\n<p><span lang=\"EN-US\">6. El precio razonable con tiempo de vuelta effcient, le ayuda a ganar su mercado<\/span><\/p>\n<p><span lang=\"EN-US\">7. Conocemos bien los materiales pl\u00e1sticos como: ABS, PP, PC, POM, PE, PET, PS, PMMA, PA6, PA6+GF. Si usted no sabe qu\u00e9 material usted debe utilizar para hacer su parte, apenas env\u00edenos por correo electr\u00f3nico para conseguir la sugerencia profeesional.<\/span><\/p>\n<p><span lang=\"EN-US\">Tipo de producto<\/span><\/p>\n<p><span lang=\"EN-US\">Componentes de moldes de inyecci\u00f3n<\/span><\/p>\n<p><span lang=\"EN-US\">Modelo Nomber<\/span><\/p>\n<p><span lang=\"EN-US\">Muestra o seg\u00fan su petici\u00f3n<\/span><\/p>\n<p><span lang=\"EN-US\">Materia prima<\/span><\/p>\n<p><span lang=\"EN-US\">NAK80 <\/span>\u3001<span lang=\"EN-US\">ASPPM-S136 <\/span>\u3001<span lang=\"EN-US\">8407<\/span>\u3001<span lang=\"EN-US\">VIKING<\/span>\u3001<span lang=\"EN-US\">S7<\/span>\u3001<span lang=\"EN-US\">1.2343ESR<\/span>\u3001<span lang=\"EN-US\">1,2344ESR<\/span>\u3001<span lang=\"EN-US\">SKD61 o seg\u00fan sus planos<\/span><\/p>\n<p><span lang=\"EN-US\">Precisi\u00f3n<\/span><\/p>\n<p><span lang=\"EN-US\">1. Dureza: 58 - 60HRC<\/span><\/p>\n<p><span lang=\"EN-US\">2. Precisi\u00f3n de EDM: 0,002 mm<\/span><\/p>\n<p><span lang=\"EN-US\">3. Precisi\u00f3n de rectificado: 0,001 mm<\/span><\/p>\n<p><span lang=\"EN-US\">4. Rugosidad de la superficie: Ra0,02 um<\/span><\/p>\n<p><span lang=\"EN-US\">Proceso<\/span><\/p>\n<p><span lang=\"EN-US\">Mecanizado CNC, fresado, corte, rectificado y electroerosi\u00f3n, etc.<\/span><\/p>\n<p><span lang=\"EN-US\">Producci\u00f3n<\/span><\/p>\n<p><span lang=\"EN-US\">1.Seg\u00fan sus planos<\/span><\/p>\n<p><span lang=\"EN-US\">2.Seg\u00fan sus muestras<\/span><\/p>\n<p><span lang=\"EN-US\">Mecanizado de precisi\u00f3n<\/span><\/p>\n<p><span lang=\"EN-US\">Grupo de rectificadoras, grupo de fresadoras, grupo CNC, grupo EDM, WEDM<\/span><\/p>\n<p><span lang=\"EN-US\">Acabado superficial<\/span><\/p>\n<p><span lang=\"EN-US\">Pulido, revestimiento PVD, revestimiento DLC, etc.<\/span><\/p>\n<p><span lang=\"EN-US\">MOQ de OEM<\/span><\/p>\n<p><span lang=\"EN-US\">1 pieza<\/span><\/p>\n<p><span lang=\"EN-US\">Aplicaci\u00f3n<\/span><\/p>\n<p><span lang=\"EN-US\">Medicina, automoci\u00f3n, electricidad, inform\u00e1tica, etc.<\/span><\/p>\n<p><span lang=\"EN-US\">Certificaci\u00f3n<\/span><\/p>\n<p><span lang=\"EN-US\">Certificaci\u00f3n ISO 9001:2008 en 2011<\/span><\/p>\n<p><span lang=\"EN-US\">Inspecci\u00f3n<\/span><\/p>\n<p><span lang=\"EN-US\">Podemos suministrar informes de inspecci\u00f3n de piezas de moldes.<\/span><\/p>\n<p><span lang=\"EN-US\">Servicio<\/span><\/p>\n<p><span lang=\"EN-US\">Se aceptan OEM<\/span><\/p>\n<p><span lang=\"EN-US\">Software<\/span><\/p>\n<p><span lang=\"EN-US\">CAD, Auto CAD, UG, etc.<\/span><\/p>\n<p><span lang=\"EN-US\">Nuestros principales equipos<\/span><\/p>\n<p><span lang=\"EN-US\">Nuestros principales equipos<\/span><\/p>\n<p><span lang=\"EN-US\">Nombre<\/span><\/p>\n<p><span lang=\"EN-US\">Cantidad(juegos)<\/span><\/p>\n<p><span lang=\"EN-US\">Jap\u00f3n Sodick supper-espejo y electro-descarga de la m\u00e1quina<\/span><\/p>\n<p><span lang=\"EN-US\">12<\/span><\/p>\n<p><span lang=\"EN-US\">Jap\u00f3n mitsubishi espejo EDM<\/span><\/p>\n<p><span lang=\"EN-US\">10<\/span><\/p>\n<p><span lang=\"EN-US\">Taiw\u00e1n qunji EDM<\/span><\/p>\n<p><span lang=\"EN-US\">4<\/span><\/p>\n<p><span lang=\"EN-US\">Rectificadora de superficies<\/span><\/p>\n<p><span lang=\"EN-US\">20<\/span><\/p>\n<p><span lang=\"EN-US\">Fresadora y grabadora cnc de alta velocidad<\/span><\/p>\n<p><span lang=\"EN-US\">6<\/span><\/p>\n<p><span lang=\"EN-US\">Rectificadora sin centros<\/span><\/p>\n<p><span lang=\"EN-US\">2<\/span><\/p>\n<p><span lang=\"EN-US\">M\u00e1quina de lapeado interior-exterior<\/span><\/p>\n<p><span lang=\"EN-US\">6<\/span><\/p>\n<p><span lang=\"EN-US\">Fresado<\/span><\/p>\n<p><span lang=\"EN-US\">2<\/span><\/p>\n<p><span lang=\"EN-US\">Alambre-EDM<\/span><\/p>\n<p><span lang=\"EN-US\">8<\/span><\/p>\n<p><span lang=\"EN-US\">Caracter\u00edsticas del material del molde que suministramos<\/span><\/p>\n<p><span lang=\"EN-US\">Caracter\u00edstica del material uld<\/span><\/p>\n<p><span lang=\"EN-US\">Caracter\u00edsticas del acero Aplicaciones<\/span><\/p>\n<p><span lang=\"EN-US\">S136 Alta pureza, alta capacidad de pulido hasta acabado espejo, con buena resistencia a la corrosi\u00f3n y baja distorsi\u00f3n tras el tratamiento t\u00e9rmico.<\/span><\/p>\n<p><span lang=\"EN-US\">Insertos de molde de alta calidad con acabado de superficie de espejo y buena resistencia a la corrosi\u00f3n, m\u00e1s adecuados para el moldeo de pl\u00e1stico de PVC, PP, PE, PC, piezas de m\u00e1quinas para maquinaria de procesamiento de alimentos.<\/span><\/p>\n<p><span lang=\"EN-US\">1.2344ESR Alta dureza, buena pulibilidad, excelente fotogrababilidad, buen mecanizado por electroerosi\u00f3n y soldabilidad Los moldes requieren una alta resistencia al desgaste y un excelente acabado superficial.<\/span><\/p>\n<p><span lang=\"EN-US\">NAK80 Alta pureza<\/span><\/p>\n<p><span lang=\"EN-US\">Insertos de molde de alta calidad, m\u00e1s adecuados para el moldeo de PS, PE, PP, ABS.<\/span><\/p>\n<p><span lang=\"EN-US\">S7 Alta resistencia a la corrosi\u00f3n<\/span><\/p>\n<p><span lang=\"EN-US\">Moldes de alta resistencia a la corrosi\u00f3n con buena capacidad de pulido<\/span><\/p>\n<p><span lang=\"EN-US\">SKD61 Buena capacidad de pulido<\/span><\/p>\n<p><span lang=\"EN-US\">Adecuado para moldes que requieren un buen pulido superficial<\/span><\/p>\n<p><span lang=\"EN-US\">Control de calidad<\/span><\/p>\n<p><span lang=\"EN-US\">Materia prima<\/span><\/p>\n<p><span lang=\"EN-US\">Detecci\u00f3n de la composici\u00f3n de la materia prima, dureza, etc.<\/span><\/p>\n<p><span lang=\"EN-US\">Talla<\/span><\/p>\n<p><span lang=\"EN-US\">La detecci\u00f3n termin\u00f3 tama\u00f1o regular y \u00e1ngulo de arco<\/span><\/p>\n<p><span lang=\"EN-US\">Superficie<\/span><\/p>\n<p><span lang=\"EN-US\">Comprobar el revestimiento de la superficie del producto y las rebabas<\/span><\/p>\n<p><span lang=\"EN-US\">Herramienta de prueba<\/span><\/p>\n<p><span lang=\"EN-US\">Micr\u00f3metro, proyector 2.5D, medidor de dureza, medidores de altura, etc. Muestra<\/span><\/p>","protected":false},"excerpt":{"rendered":"<p>Custom Non \u2013 Standard Plastic mold components \/ Connector Mold Parts KOTO Mould mold parts company is a Professional manufacturer of injection mould parts in China. 1. We can offer injection mold parts, Cosmetics mold component with all kinds of metal material. 2. Auto mold parts , medical equipment mould parts, electronic product mould parts, [&hellip;]<\/p>","protected":false},"featured_media":3410,"comment_status":"open","ping_status":"closed","template":"","meta":[],"product_cat":[59],"product_tag":[80],"class_list":["post-3437","product","type-product","status-publish","has-post-thumbnail","hentry","product_cat-customized-mold-components","product_tag-non-standard-customized-precision-mold-cavity"],"yoast_head":"<!-- This site is optimized with the Yoast SEO plugin v20.10 - https:\/\/yoast.com\/wordpress\/plugins\/seo\/ -->\n<title>Non-standard customized precision mold cavity - Custom processing,Precision mold parts, mold core, cavity processing,plastic mould parts,mould parts<\/title>\n<meta name=\"robots\" content=\"index, follow, max-snippet:-1, max-image-preview:large, max-video-preview:-1\" \/>\n<link rel=\"canonical\" href=\"https:\/\/www.dgkoto.com\/es\/producto\/non-standard-customized-precision-mold-cavity-4\/\" \/>\n<meta property=\"og:locale\" content=\"es_ES\" \/>\n<meta property=\"og:type\" content=\"article\" \/>\n<meta property=\"og:title\" content=\"Non-standard customized precision mold cavity - Custom processing,Precision mold parts, mold core, cavity processing,plastic mould parts,mould parts\" \/>\n<meta property=\"og:description\" content=\"Custom Non \u2013 Standard Plastic mold components \/ Connector Mold Parts KOTO Mould mold parts company is a Professional manufacturer of injection mould parts in China. 1. We can offer injection mold parts, Cosmetics mold component with all kinds of metal material. 2. Auto mold parts , medical equipment mould parts, electronic product mould parts, [&hellip;]\" \/>\n<meta property=\"og:url\" content=\"https:\/\/www.dgkoto.com\/es\/producto\/non-standard-customized-precision-mold-cavity-4\/\" \/>\n<meta property=\"og:site_name\" content=\"Custom processing,Precision mold parts, mold core, cavity processing,plastic mould parts,mould parts\" \/>\n<meta property=\"article:modified_time\" content=\"2023-07-03T16:46:12+00:00\" \/>\n<meta property=\"og:image\" content=\"https:\/\/www.dgkoto.com\/wp-content\/uploads\/2023\/06\/Custom-mold-components-China-5.png\" \/>\n\t<meta property=\"og:image:width\" content=\"800\" \/>\n\t<meta property=\"og:image:height\" content=\"800\" \/>\n\t<meta property=\"og:image:type\" content=\"image\/png\" \/>\n<meta name=\"twitter:card\" content=\"summary_large_image\" \/>\n<meta name=\"twitter:label1\" content=\"Tiempo de lectura\" \/>\n\t<meta name=\"twitter:data1\" content=\"3 minutos\" \/>\n<script type=\"application\/ld+json\" class=\"yoast-schema-graph\">{\"@context\":\"https:\/\/schema.org\",\"@graph\":[{\"@type\":\"WebPage\",\"@id\":\"https:\/\/www.dgkoto.com\/product\/non-standard-customized-precision-mold-cavity-4\/\",\"url\":\"https:\/\/www.dgkoto.com\/product\/non-standard-customized-precision-mold-cavity-4\/\",\"name\":\"Non-standard customized precision mold cavity - Custom processing,Precision mold parts, mold core, cavity processing,plastic mould parts,mould parts\",\"isPartOf\":{\"@id\":\"https:\/\/www.dgkoto.com\/#website\"},\"datePublished\":\"2023-06-27T05:32:06+00:00\",\"dateModified\":\"2023-07-03T16:46:12+00:00\",\"breadcrumb\":{\"@id\":\"https:\/\/www.dgkoto.com\/product\/non-standard-customized-precision-mold-cavity-4\/#breadcrumb\"},\"inLanguage\":\"es\",\"potentialAction\":[{\"@type\":\"ReadAction\",\"target\":[\"https:\/\/www.dgkoto.com\/product\/non-standard-customized-precision-mold-cavity-4\/\"]}]},{\"@type\":\"BreadcrumbList\",\"@id\":\"https:\/\/www.dgkoto.com\/product\/non-standard-customized-precision-mold-cavity-4\/#breadcrumb\",\"itemListElement\":[{\"@type\":\"ListItem\",\"position\":1,\"name\":\"\u9996\u9875\",\"item\":\"https:\/\/www.dgkoto.com\/\"},{\"@type\":\"ListItem\",\"position\":2,\"name\":\"Products\",\"item\":\"https:\/\/www.dgkoto.com\/?page_id=1731\"},{\"@type\":\"ListItem\",\"position\":3,\"name\":\"Non-standard customized precision mold cavity\"}]},{\"@type\":\"WebSite\",\"@id\":\"https:\/\/www.dgkoto.com\/#website\",\"url\":\"https:\/\/www.dgkoto.com\/\",\"name\":\"Custom processing,Precision mold parts, mold core, cavity processing\",\"description\":\"Dongguan KOTO mould Technology Co., LTD\",\"publisher\":{\"@id\":\"https:\/\/www.dgkoto.com\/#organization\"},\"potentialAction\":[{\"@type\":\"SearchAction\",\"target\":{\"@type\":\"EntryPoint\",\"urlTemplate\":\"https:\/\/www.dgkoto.com\/?s={search_term_string}\"},\"query-input\":\"required name=search_term_string\"}],\"inLanguage\":\"es\"},{\"@type\":\"Organization\",\"@id\":\"https:\/\/www.dgkoto.com\/#organization\",\"name\":\"Dongguan KOTO Mold Technology Co., Ltd.\",\"url\":\"https:\/\/www.dgkoto.com\/\",\"logo\":{\"@type\":\"ImageObject\",\"inLanguage\":\"es\",\"@id\":\"https:\/\/www.dgkoto.com\/#\/schema\/logo\/image\/\",\"url\":\"https:\/\/www.dgkoto.com\/wp-content\/uploads\/2023\/06\/512-512LOGO_\u526f\u672c\u65b0LOGO.png\",\"contentUrl\":\"https:\/\/www.dgkoto.com\/wp-content\/uploads\/2023\/06\/512-512LOGO_\u526f\u672c\u65b0LOGO.png\",\"width\":614,\"height\":614,\"caption\":\"Dongguan KOTO Mold Technology Co., Ltd.\"},\"image\":{\"@id\":\"https:\/\/www.dgkoto.com\/#\/schema\/logo\/image\/\"}}]}<\/script>\n<!-- \/ Yoast SEO plugin. -->","yoast_head_json":{"title":"Non-standard customized precision mold cavity - Custom processing,Precision mold parts, mold core, cavity processing,plastic mould parts,mould parts","robots":{"index":"index","follow":"follow","max-snippet":"max-snippet:-1","max-image-preview":"max-image-preview:large","max-video-preview":"max-video-preview:-1"},"canonical":"https:\/\/www.dgkoto.com\/es\/producto\/non-standard-customized-precision-mold-cavity-4\/","og_locale":"es_ES","og_type":"article","og_title":"Non-standard customized precision mold cavity - Custom processing,Precision mold parts, mold core, cavity processing,plastic mould parts,mould parts","og_description":"Custom Non \u2013 Standard Plastic mold components \/ Connector Mold Parts KOTO Mould mold parts company is a Professional manufacturer of injection mould parts in China. 1. We can offer injection mold parts, Cosmetics mold component with all kinds of metal material. 2. Auto mold parts , medical equipment mould parts, electronic product mould parts, [&hellip;]","og_url":"https:\/\/www.dgkoto.com\/es\/producto\/non-standard-customized-precision-mold-cavity-4\/","og_site_name":"Custom processing,Precision mold parts, mold core, cavity processing,plastic mould parts,mould parts","article_modified_time":"2023-07-03T16:46:12+00:00","og_image":[{"width":800,"height":800,"url":"https:\/\/www.dgkoto.com\/wp-content\/uploads\/2023\/06\/Custom-mold-components-China-5.png","type":"image\/png"}],"twitter_card":"summary_large_image","twitter_misc":{"Tiempo de lectura":"3 minutos"},"schema":{"@context":"https:\/\/schema.org","@graph":[{"@type":"WebPage","@id":"https:\/\/www.dgkoto.com\/product\/non-standard-customized-precision-mold-cavity-4\/","url":"https:\/\/www.dgkoto.com\/product\/non-standard-customized-precision-mold-cavity-4\/","name":"Non-standard customized precision mold cavity - Custom processing,Precision mold parts, mold core, cavity processing,plastic mould parts,mould parts","isPartOf":{"@id":"https:\/\/www.dgkoto.com\/#website"},"datePublished":"2023-06-27T05:32:06+00:00","dateModified":"2023-07-03T16:46:12+00:00","breadcrumb":{"@id":"https:\/\/www.dgkoto.com\/product\/non-standard-customized-precision-mold-cavity-4\/#breadcrumb"},"inLanguage":"es","potentialAction":[{"@type":"ReadAction","target":["https:\/\/www.dgkoto.com\/product\/non-standard-customized-precision-mold-cavity-4\/"]}]},{"@type":"BreadcrumbList","@id":"https:\/\/www.dgkoto.com\/product\/non-standard-customized-precision-mold-cavity-4\/#breadcrumb","itemListElement":[{"@type":"ListItem","position":1,"name":"\u9996\u9875","item":"https:\/\/www.dgkoto.com\/"},{"@type":"ListItem","position":2,"name":"Products","item":"https:\/\/www.dgkoto.com\/?page_id=1731"},{"@type":"ListItem","position":3,"name":"Non-standard customized precision mold cavity"}]},{"@type":"WebSite","@id":"https:\/\/www.dgkoto.com\/#website","url":"https:\/\/www.dgkoto.com\/","name":"Custom processing,Precision mold parts, mold core, cavity processing","description":"Dongguan KOTO mould Technology Co., LTD","publisher":{"@id":"https:\/\/www.dgkoto.com\/#organization"},"potentialAction":[{"@type":"SearchAction","target":{"@type":"EntryPoint","urlTemplate":"https:\/\/www.dgkoto.com\/?s={search_term_string}"},"query-input":"required name=search_term_string"}],"inLanguage":"es"},{"@type":"Organization","@id":"https:\/\/www.dgkoto.com\/#organization","name":"Dongguan KOTO Mold Technology Co., Ltd.","url":"https:\/\/www.dgkoto.com\/","logo":{"@type":"ImageObject","inLanguage":"es","@id":"https:\/\/www.dgkoto.com\/#\/schema\/logo\/image\/","url":"https:\/\/www.dgkoto.com\/wp-content\/uploads\/2023\/06\/512-512LOGO_\u526f\u672c\u65b0LOGO.png","contentUrl":"https:\/\/www.dgkoto.com\/wp-content\/uploads\/2023\/06\/512-512LOGO_\u526f\u672c\u65b0LOGO.png","width":614,"height":614,"caption":"Dongguan KOTO Mold Technology Co., Ltd."},"image":{"@id":"https:\/\/www.dgkoto.com\/#\/schema\/logo\/image\/"}}]}},"_links":{"self":[{"href":"https:\/\/www.dgkoto.com\/es\/wp-json\/wp\/v2\/product\/3437","targetHints":{"allow":["GET"]}}],"collection":[{"href":"https:\/\/www.dgkoto.com\/es\/wp-json\/wp\/v2\/product"}],"about":[{"href":"https:\/\/www.dgkoto.com\/es\/wp-json\/wp\/v2\/types\/product"}],"replies":[{"embeddable":true,"href":"https:\/\/www.dgkoto.com\/es\/wp-json\/wp\/v2\/comments?post=3437"}],"wp:featuredmedia":[{"embeddable":true,"href":"https:\/\/www.dgkoto.com\/es\/wp-json\/wp\/v2\/media\/3410"}],"wp:attachment":[{"href":"https:\/\/www.dgkoto.com\/es\/wp-json\/wp\/v2\/media?parent=3437"}],"wp:term":[{"taxonomy":"product_cat","embeddable":true,"href":"https:\/\/www.dgkoto.com\/es\/wp-json\/wp\/v2\/product_cat?post=3437"},{"taxonomy":"product_tag","embeddable":true,"href":"https:\/\/www.dgkoto.com\/es\/wp-json\/wp\/v2\/product_tag?post=3437"}],"curies":[{"name":"wp","href":"https:\/\/api.w.org\/{rel}","templated":true}]}}