{"id":3371,"date":"2023-06-27T00:39:59","date_gmt":"2023-06-26T16:39:59","guid":{"rendered":"http:\/\/www.dgkoto.com\/?post_type=product&#038;p=3371"},"modified":"2023-07-04T01:08:13","modified_gmt":"2023-07-03T17:08:13","slug":"precision-plastic-connector-mold-parts-4","status":"publish","type":"product","link":"https:\/\/www.dgkoto.com\/es\/product\/precision-plastic-connector-mold-parts-4\/","title":{"rendered":"Moldes para conectores de pl\u00e1stico de precisi\u00f3n"},"content":{"rendered":"<p><img loading=\"lazy\" decoding=\"async\" class=\"alignnone size-medium wp-image-3332\" src=\"http:\/\/www.dgkoto.com\/wp-content\/uploads\/2023\/06\/Connector-mold-components-China-4-300x300.png\" alt=\"\" width=\"300\" height=\"300\" srcset=\"https:\/\/www.dgkoto.com\/wp-content\/uploads\/2023\/06\/Connector-mold-components-China-4-300x300.png 300w, https:\/\/www.dgkoto.com\/wp-content\/uploads\/2023\/06\/Connector-mold-components-China-4-150x150.png 150w, https:\/\/www.dgkoto.com\/wp-content\/uploads\/2023\/06\/Connector-mold-components-China-4-768x768.png 768w, https:\/\/www.dgkoto.com\/wp-content\/uploads\/2023\/06\/Connector-mold-components-China-4-12x12.png 12w, https:\/\/www.dgkoto.com\/wp-content\/uploads\/2023\/06\/Connector-mold-components-China-4-600x600.png 600w, https:\/\/www.dgkoto.com\/wp-content\/uploads\/2023\/06\/Connector-mold-components-China-4-100x100.png 100w, https:\/\/www.dgkoto.com\/wp-content\/uploads\/2023\/06\/Connector-mold-components-China-4.png 800w\" sizes=\"auto, (max-width: 300px) 100vw, 300px\" \/><img loading=\"lazy\" decoding=\"async\" class=\"alignnone size-medium wp-image-3330\" src=\"http:\/\/www.dgkoto.com\/wp-content\/uploads\/2023\/06\/Connector-mold-components-China-2-300x300.png\" alt=\"\" width=\"300\" height=\"300\" srcset=\"https:\/\/www.dgkoto.com\/wp-content\/uploads\/2023\/06\/Connector-mold-components-China-2-300x300.png 300w, https:\/\/www.dgkoto.com\/wp-content\/uploads\/2023\/06\/Connector-mold-components-China-2-150x150.png 150w, https:\/\/www.dgkoto.com\/wp-content\/uploads\/2023\/06\/Connector-mold-components-China-2-768x768.png 768w, https:\/\/www.dgkoto.com\/wp-content\/uploads\/2023\/06\/Connector-mold-components-China-2-12x12.png 12w, https:\/\/www.dgkoto.com\/wp-content\/uploads\/2023\/06\/Connector-mold-components-China-2-600x600.png 600w, https:\/\/www.dgkoto.com\/wp-content\/uploads\/2023\/06\/Connector-mold-components-China-2-100x100.png 100w, https:\/\/www.dgkoto.com\/wp-content\/uploads\/2023\/06\/Connector-mold-components-China-2.png 800w\" sizes=\"auto, (max-width: 300px) 100vw, 300px\" \/><\/p>\n<p>Componentes de moldes de pl\u00e1stico no est\u00e1ndar personalizados \/\u00a0<a title=\"componentes del molde del conector\" href=\"http:\/\/www.dgkoto.com\/es\/products\/connector-mold-components\/\" target=\"_blank\" rel=\"noopener noreferrer\">Piezas de moldes de conectores<\/a><\/p>\n<p><a title=\"Producci\u00f3n de precisi\u00f3n ADA.\" href=\"https:\/\/www.dgkoto.com\/es\/products\/\" target=\"_blank\" rel=\"noopener noreferrer\">Molde KOTO<\/a>\u00a0mold parts company es un fabricante profesional de piezas de moldes de inyecci\u00f3n en China.<\/p>\n<p>1. Podemos ofrecer piezas de molde de inyecci\u00f3n, piezas de molde de conector con todo tipo de material met\u00e1lico.<\/p>\n<p>2. Piezas de moldes de autom\u00f3viles, piezas de moldes de equipos m\u00e9dicos, piezas de moldes de productos electr\u00f3nicos, etc.<\/p>\n<p>3. Podemos ayudarle sin importar si necesita peque\u00f1as o grandes cantidades.<\/p>\n<p>4. Nuestros productos son de alta calidad, precio competitivo y plazo de entrega r\u00e1pido.<\/p>\n<p>5. Nos centramos en la fabricaci\u00f3n y producci\u00f3n de piezas de moldes, pintura, fabricaci\u00f3n y producci\u00f3n de moldes de paredes finas y piezas de alta precisi\u00f3n.<\/p>\n<p>Componentes Introducci\u00f3n<\/p>\n<p>1. Proporcionamos servicios de mecanizado OEM de piezas de moldes de inyecci\u00f3n de precisi\u00f3n basados en las necesidades de nuestros clientes industriales.<\/p>\n<p>2. Podemos manejar dibujos de dise\u00f1o en formato IGS STP STEP STL X-T PRT DWG PDF.<\/p>\n<p>3. Varias formas, amplia gama de tama\u00f1os son factibles<\/p>\n<p>4. Certificaci\u00f3n: ISO9001, calidad bien controlada<\/p>\n<p>5. 5. Un equipo de ingenieros con amplia experiencia que le ofrece un servicio de asistencia las 24 horas del d\u00eda, los 7 d\u00edas de la semana, para cualquier duda que pueda tener sobre la fabricaci\u00f3n.<\/p>\n<p>6. El precio razonable con tiempo de vuelta effcient, le ayuda a ganar su mercado<\/p>\n<p>7. Conocemos bien los materiales pl\u00e1sticos como: ABS, PP, PC, POM, PE, PET, PS, PMMA, PA6, PA6+GF. Si usted no sabe qu\u00e9 material usted debe utilizar para hacer su parte, apenas env\u00edenos por correo electr\u00f3nico para conseguir la sugerencia profeesional.<\/p>\n<p>Tipo de producto<\/p>\n<p>Componentes de moldes de inyecci\u00f3n<\/p>\n<p>Modelo Nomber<br \/>\nMuestra o seg\u00fan su petici\u00f3n<\/p>\n<p>Materia prima<br \/>\nNAK80\u3001ASPPM-S136\u30018407\u3001VIKING\u3001ASP23\u3001ASP60\u3001PM30\u3001SKD61 o seg\u00fan sus dibujos<\/p>\n<p>Precisi\u00f3n<br \/>\n1. Dureza: 58 - 60HRC<br \/>\n2. Precisi\u00f3n de EDM: 0,002 mm<br \/>\n3. Precisi\u00f3n de rectificado: 0,001 mm<br \/>\n4. Rugosidad de la superficie: Ra0,02 um<\/p>\n<p>Proceso<br \/>\nMecanizado CNC, fresado, corte, rectificado y electroerosi\u00f3n, etc.<\/p>\n<p>Producci\u00f3n<br \/>\n1.Seg\u00fan sus planos<\/p>\n<p>2.Seg\u00fan sus muestras<\/p>\n<p>Mecanizado de precisi\u00f3n<br \/>\nGrupo de rectificadoras, grupo de fresadoras, grupo CNC, grupo EDM, WEDM<\/p>\n<p>Acabado superficial<br \/>\nPulido, revestimiento PVD, revestimiento DLC, etc.<\/p>\n<p>MOQ de OEM<br \/>\n1 pieza<\/p>\n<p>Aplicaci\u00f3n<br \/>\nMedicina, automoci\u00f3n, electricidad, inform\u00e1tica, etc.<\/p>\n<p>Certificaci\u00f3n<br \/>\nCertificaci\u00f3n ISO 9001:2008 en 2011<\/p>\n<p>Inspecci\u00f3n<br \/>\nPodemos suministrar informes de inspecci\u00f3n de piezas de moldes.<\/p>\n<p>Servicio<br \/>\nSe aceptan OEM<\/p>\n<p>Software<br \/>\nCAD, Auto CAD, UG, etc.<\/p>\n<p>Nuestros principales equipos<br \/>\nNuestros principales equipos<br \/>\nNombre<br \/>\nCantidad(juegos)<\/p>\n<p>Jap\u00f3n Sodick supper-espejo y electro-descarga de la m\u00e1quina<br \/>\n12<\/p>\n<p>Jap\u00f3n mitsubishi espejo EDM<br \/>\n10<\/p>\n<p>Taiw\u00e1n qunji EDM<br \/>\n4<\/p>\n<p>Rectificadora de superficies<br \/>\n20<\/p>\n<p>Fresadora y grabadora cnc de alta velocidad<br \/>\n6<\/p>\n<p>Rectificadora sin centros<br \/>\n2<\/p>\n<p>M\u00e1quina de lapeado interior-exterior<br \/>\n6<\/p>\n<p>Fresado<br \/>\n2<\/p>\n<p>Alambre-EDM<br \/>\n8<\/p>\n<p>Caracter\u00edsticas del material del molde que suministramos<br \/>\nCaracter\u00edstica del material uld<br \/>\nCaracter\u00edsticas del acero Aplicaciones<br \/>\nS136 Alta pureza, alta capacidad de pulido hasta acabado espejo, con buena resistencia a la corrosi\u00f3n y baja distorsi\u00f3n tras el tratamiento t\u00e9rmico.<br \/>\nInsertos de molde de alta calidad con acabado de superficie de espejo y buena resistencia a la corrosi\u00f3n, m\u00e1s adecuados para el moldeo de pl\u00e1stico de PVC, PP, PE, PC, piezas de m\u00e1quinas para maquinaria de procesamiento de alimentos.<\/p>\n<p>NAK 80 Alta dureza, buena pulibilidad, excelente fotogrababilidad, buen mecanizado por electroerosi\u00f3n y soldabilidad Los moldes requieren una alta resistencia al desgaste y un excelente acabado superficial.<br \/>\nS136 Alta pureza<br \/>\nInsertos de molde de alta calidad, m\u00e1s adecuados para el moldeo de PS, PE, PP, ABS.<\/p>\n<p>VIKING Alta resistencia a la corrosi\u00f3n<br \/>\nMoldes de alta resistencia a la corrosi\u00f3n con buena capacidad de pulido<\/p>\n<p>P20 Buena pulibilidad<br \/>\nAdecuado para moldes que requieren un buen pulido superficial<\/p>\n<p>Control de calidad<\/p>\n<p>Materia prima<br \/>\nDetecci\u00f3n de la composici\u00f3n de la materia prima, dureza, etc.<\/p>\n<p>Talla<br \/>\nLa detecci\u00f3n termin\u00f3 tama\u00f1o regular y \u00e1ngulo de arco<\/p>\n<p>Superficie<br \/>\nComprobar el revestimiento de la superficie del producto y las rebabas<\/p>\n<p>Herramienta de prueba<br \/>\nMicr\u00f3metro, proyector 2.5D, medidor de dureza, medidores de altura, etc. Muestra<\/p>","protected":false},"excerpt":{"rendered":"<p>Custom Non \u2013 Standard Plastic mold components \/\u00a0Connector Mold Parts KOTO Mould\u00a0mold parts company is a Professional manufacturer of injection mould parts in China. 1. We can offer injection mold parts, connector mold parts with all kinds of metal material. 2. Auto mold parts , medical equipment mould parts, electronic product mould parts, and so [&hellip;]<\/p>","protected":false},"featured_media":3332,"comment_status":"open","ping_status":"closed","template":"","meta":[],"product_cat":[64],"product_tag":[84],"class_list":["post-3371","product","type-product","status-publish","has-post-thumbnail","hentry","product_cat-plastic-mold-connector","product_tag-precision-plastic-connector-mold-partsplastic-mold-components-mold-core"],"yoast_head":"<!-- This site is optimized with the Yoast SEO plugin v20.10 - https:\/\/yoast.com\/wordpress\/plugins\/seo\/ -->\n<title>Precision Plastic Connector Mold Parts - Custom processing,Precision mold parts, mold core, cavity processing,plastic mould parts,mould parts<\/title>\n<meta name=\"robots\" content=\"index, follow, max-snippet:-1, max-image-preview:large, max-video-preview:-1\" \/>\n<link rel=\"canonical\" href=\"https:\/\/www.dgkoto.com\/es\/producto\/precision-plastic-connector-mold-parts-4\/\" \/>\n<meta property=\"og:locale\" content=\"es_ES\" \/>\n<meta property=\"og:type\" content=\"article\" \/>\n<meta property=\"og:title\" content=\"Precision Plastic Connector Mold Parts - Custom processing,Precision mold parts, mold core, cavity processing,plastic mould parts,mould parts\" \/>\n<meta property=\"og:description\" content=\"Custom Non \u2013 Standard Plastic mold components \/\u00a0Connector Mold Parts KOTO Mould\u00a0mold parts company is a Professional manufacturer of injection mould parts in China. 1. We can offer injection mold parts, connector mold parts with all kinds of metal material. 2. Auto mold parts , medical equipment mould parts, electronic product mould parts, and so [&hellip;]\" \/>\n<meta property=\"og:url\" content=\"https:\/\/www.dgkoto.com\/es\/producto\/precision-plastic-connector-mold-parts-4\/\" \/>\n<meta property=\"og:site_name\" content=\"Custom processing,Precision mold parts, mold core, cavity processing,plastic mould parts,mould parts\" \/>\n<meta property=\"article:modified_time\" content=\"2023-07-03T17:08:13+00:00\" \/>\n<meta property=\"og:image\" content=\"https:\/\/www.dgkoto.com\/wp-content\/uploads\/2023\/06\/Connector-mold-components-China-4.png\" \/>\n\t<meta property=\"og:image:width\" content=\"800\" \/>\n\t<meta property=\"og:image:height\" content=\"800\" \/>\n\t<meta property=\"og:image:type\" content=\"image\/png\" \/>\n<meta name=\"twitter:card\" content=\"summary_large_image\" \/>\n<meta name=\"twitter:label1\" content=\"Tiempo de lectura\" \/>\n\t<meta name=\"twitter:data1\" content=\"3 minutos\" \/>\n<script type=\"application\/ld+json\" class=\"yoast-schema-graph\">{\"@context\":\"https:\/\/schema.org\",\"@graph\":[{\"@type\":\"WebPage\",\"@id\":\"https:\/\/www.dgkoto.com\/product\/precision-plastic-connector-mold-parts-4\/\",\"url\":\"https:\/\/www.dgkoto.com\/product\/precision-plastic-connector-mold-parts-4\/\",\"name\":\"Precision Plastic Connector Mold Parts - Custom processing,Precision mold parts, mold core, cavity processing,plastic mould parts,mould parts\",\"isPartOf\":{\"@id\":\"https:\/\/www.dgkoto.com\/#website\"},\"datePublished\":\"2023-06-26T16:39:59+00:00\",\"dateModified\":\"2023-07-03T17:08:13+00:00\",\"breadcrumb\":{\"@id\":\"https:\/\/www.dgkoto.com\/product\/precision-plastic-connector-mold-parts-4\/#breadcrumb\"},\"inLanguage\":\"es\",\"potentialAction\":[{\"@type\":\"ReadAction\",\"target\":[\"https:\/\/www.dgkoto.com\/product\/precision-plastic-connector-mold-parts-4\/\"]}]},{\"@type\":\"BreadcrumbList\",\"@id\":\"https:\/\/www.dgkoto.com\/product\/precision-plastic-connector-mold-parts-4\/#breadcrumb\",\"itemListElement\":[{\"@type\":\"ListItem\",\"position\":1,\"name\":\"\u9996\u9875\",\"item\":\"https:\/\/www.dgkoto.com\/\"},{\"@type\":\"ListItem\",\"position\":2,\"name\":\"Products\",\"item\":\"https:\/\/www.dgkoto.com\/?page_id=1731\"},{\"@type\":\"ListItem\",\"position\":3,\"name\":\"Precision Plastic Connector Mold Parts\"}]},{\"@type\":\"WebSite\",\"@id\":\"https:\/\/www.dgkoto.com\/#website\",\"url\":\"https:\/\/www.dgkoto.com\/\",\"name\":\"Custom processing,Precision mold parts, mold core, cavity processing\",\"description\":\"Dongguan KOTO mould Technology Co., LTD\",\"publisher\":{\"@id\":\"https:\/\/www.dgkoto.com\/#organization\"},\"potentialAction\":[{\"@type\":\"SearchAction\",\"target\":{\"@type\":\"EntryPoint\",\"urlTemplate\":\"https:\/\/www.dgkoto.com\/?s={search_term_string}\"},\"query-input\":\"required name=search_term_string\"}],\"inLanguage\":\"es\"},{\"@type\":\"Organization\",\"@id\":\"https:\/\/www.dgkoto.com\/#organization\",\"name\":\"Dongguan KOTO Mold Technology Co., Ltd.\",\"url\":\"https:\/\/www.dgkoto.com\/\",\"logo\":{\"@type\":\"ImageObject\",\"inLanguage\":\"es\",\"@id\":\"https:\/\/www.dgkoto.com\/#\/schema\/logo\/image\/\",\"url\":\"https:\/\/www.dgkoto.com\/wp-content\/uploads\/2023\/06\/512-512LOGO_\u526f\u672c\u65b0LOGO.png\",\"contentUrl\":\"https:\/\/www.dgkoto.com\/wp-content\/uploads\/2023\/06\/512-512LOGO_\u526f\u672c\u65b0LOGO.png\",\"width\":614,\"height\":614,\"caption\":\"Dongguan KOTO Mold Technology Co., Ltd.\"},\"image\":{\"@id\":\"https:\/\/www.dgkoto.com\/#\/schema\/logo\/image\/\"}}]}<\/script>\n<!-- \/ Yoast SEO plugin. -->","yoast_head_json":{"title":"Precision Plastic Connector Mold Parts - Custom processing,Precision mold parts, mold core, cavity processing,plastic mould parts,mould parts","robots":{"index":"index","follow":"follow","max-snippet":"max-snippet:-1","max-image-preview":"max-image-preview:large","max-video-preview":"max-video-preview:-1"},"canonical":"https:\/\/www.dgkoto.com\/es\/producto\/precision-plastic-connector-mold-parts-4\/","og_locale":"es_ES","og_type":"article","og_title":"Precision Plastic Connector Mold Parts - Custom processing,Precision mold parts, mold core, cavity processing,plastic mould parts,mould parts","og_description":"Custom Non \u2013 Standard Plastic mold components \/\u00a0Connector Mold Parts KOTO Mould\u00a0mold parts company is a Professional manufacturer of injection mould parts in China. 1. We can offer injection mold parts, connector mold parts with all kinds of metal material. 2. Auto mold parts , medical equipment mould parts, electronic product mould parts, and so [&hellip;]","og_url":"https:\/\/www.dgkoto.com\/es\/producto\/precision-plastic-connector-mold-parts-4\/","og_site_name":"Custom processing,Precision mold parts, mold core, cavity processing,plastic mould parts,mould parts","article_modified_time":"2023-07-03T17:08:13+00:00","og_image":[{"width":800,"height":800,"url":"https:\/\/www.dgkoto.com\/wp-content\/uploads\/2023\/06\/Connector-mold-components-China-4.png","type":"image\/png"}],"twitter_card":"summary_large_image","twitter_misc":{"Tiempo de lectura":"3 minutos"},"schema":{"@context":"https:\/\/schema.org","@graph":[{"@type":"WebPage","@id":"https:\/\/www.dgkoto.com\/product\/precision-plastic-connector-mold-parts-4\/","url":"https:\/\/www.dgkoto.com\/product\/precision-plastic-connector-mold-parts-4\/","name":"Precision Plastic Connector Mold Parts - Custom processing,Precision mold parts, mold core, cavity processing,plastic mould parts,mould parts","isPartOf":{"@id":"https:\/\/www.dgkoto.com\/#website"},"datePublished":"2023-06-26T16:39:59+00:00","dateModified":"2023-07-03T17:08:13+00:00","breadcrumb":{"@id":"https:\/\/www.dgkoto.com\/product\/precision-plastic-connector-mold-parts-4\/#breadcrumb"},"inLanguage":"es","potentialAction":[{"@type":"ReadAction","target":["https:\/\/www.dgkoto.com\/product\/precision-plastic-connector-mold-parts-4\/"]}]},{"@type":"BreadcrumbList","@id":"https:\/\/www.dgkoto.com\/product\/precision-plastic-connector-mold-parts-4\/#breadcrumb","itemListElement":[{"@type":"ListItem","position":1,"name":"\u9996\u9875","item":"https:\/\/www.dgkoto.com\/"},{"@type":"ListItem","position":2,"name":"Products","item":"https:\/\/www.dgkoto.com\/?page_id=1731"},{"@type":"ListItem","position":3,"name":"Precision Plastic Connector Mold Parts"}]},{"@type":"WebSite","@id":"https:\/\/www.dgkoto.com\/#website","url":"https:\/\/www.dgkoto.com\/","name":"Custom processing,Precision mold parts, mold core, cavity processing","description":"Dongguan KOTO mould Technology Co., LTD","publisher":{"@id":"https:\/\/www.dgkoto.com\/#organization"},"potentialAction":[{"@type":"SearchAction","target":{"@type":"EntryPoint","urlTemplate":"https:\/\/www.dgkoto.com\/?s={search_term_string}"},"query-input":"required name=search_term_string"}],"inLanguage":"es"},{"@type":"Organization","@id":"https:\/\/www.dgkoto.com\/#organization","name":"Dongguan KOTO Mold Technology Co., Ltd.","url":"https:\/\/www.dgkoto.com\/","logo":{"@type":"ImageObject","inLanguage":"es","@id":"https:\/\/www.dgkoto.com\/#\/schema\/logo\/image\/","url":"https:\/\/www.dgkoto.com\/wp-content\/uploads\/2023\/06\/512-512LOGO_\u526f\u672c\u65b0LOGO.png","contentUrl":"https:\/\/www.dgkoto.com\/wp-content\/uploads\/2023\/06\/512-512LOGO_\u526f\u672c\u65b0LOGO.png","width":614,"height":614,"caption":"Dongguan KOTO Mold Technology Co., Ltd."},"image":{"@id":"https:\/\/www.dgkoto.com\/#\/schema\/logo\/image\/"}}]}},"_links":{"self":[{"href":"https:\/\/www.dgkoto.com\/es\/wp-json\/wp\/v2\/product\/3371","targetHints":{"allow":["GET"]}}],"collection":[{"href":"https:\/\/www.dgkoto.com\/es\/wp-json\/wp\/v2\/product"}],"about":[{"href":"https:\/\/www.dgkoto.com\/es\/wp-json\/wp\/v2\/types\/product"}],"replies":[{"embeddable":true,"href":"https:\/\/www.dgkoto.com\/es\/wp-json\/wp\/v2\/comments?post=3371"}],"wp:featuredmedia":[{"embeddable":true,"href":"https:\/\/www.dgkoto.com\/es\/wp-json\/wp\/v2\/media\/3332"}],"wp:attachment":[{"href":"https:\/\/www.dgkoto.com\/es\/wp-json\/wp\/v2\/media?parent=3371"}],"wp:term":[{"taxonomy":"product_cat","embeddable":true,"href":"https:\/\/www.dgkoto.com\/es\/wp-json\/wp\/v2\/product_cat?post=3371"},{"taxonomy":"product_tag","embeddable":true,"href":"https:\/\/www.dgkoto.com\/es\/wp-json\/wp\/v2\/product_tag?post=3371"}],"curies":[{"name":"wp","href":"https:\/\/api.w.org\/{rel}","templated":true}]}}