{"id":2899,"date":"2023-06-15T11:59:42","date_gmt":"2023-06-15T03:59:42","guid":{"rendered":"http:\/\/www.dgkoto.com\/?post_type=product&#038;p=2899"},"modified":"2023-07-04T01:03:50","modified_gmt":"2023-07-03T17:03:50","slug":"whole-set-of-unscrew-mold","status":"publish","type":"product","link":"https:\/\/www.dgkoto.com\/es\/product\/whole-set-of-unscrew-mold\/","title":{"rendered":"Piezas de molde para tapones de botella"},"content":{"rendered":"<p class=\"attachment\"><img loading=\"lazy\" decoding=\"async\" class=\"alignnone size-medium wp-image-3802\" src=\"http:\/\/www.dgkoto.com\/wp-content\/uploads\/2023\/06\/Plastic-cap-mold-cores-china-3-300x300.png\" alt=\"\" width=\"300\" height=\"300\" srcset=\"https:\/\/www.dgkoto.com\/wp-content\/uploads\/2023\/06\/Plastic-cap-mold-cores-china-3-300x300.png 300w, https:\/\/www.dgkoto.com\/wp-content\/uploads\/2023\/06\/Plastic-cap-mold-cores-china-3-150x150.png 150w, https:\/\/www.dgkoto.com\/wp-content\/uploads\/2023\/06\/Plastic-cap-mold-cores-china-3-768x768.png 768w, https:\/\/www.dgkoto.com\/wp-content\/uploads\/2023\/06\/Plastic-cap-mold-cores-china-3-12x12.png 12w, https:\/\/www.dgkoto.com\/wp-content\/uploads\/2023\/06\/Plastic-cap-mold-cores-china-3-600x600.png 600w, https:\/\/www.dgkoto.com\/wp-content\/uploads\/2023\/06\/Plastic-cap-mold-cores-china-3-100x100.png 100w, https:\/\/www.dgkoto.com\/wp-content\/uploads\/2023\/06\/Plastic-cap-mold-cores-china-3.png 800w\" sizes=\"auto, (max-width: 300px) 100vw, 300px\" \/><\/p>\n<p><strong>Juego completo de molde desenroscable, n\u00facleo de molde de tapa de rosca, cavidad, insertos<\/strong><\/p>\n<p>Ofrecemos un servicio integral para n\u00facleos de moldes, n\u00facleos de correderas, n\u00facleos de expulsores, n\u00facleos de insertos, pasadores de expulsores angulares, pasadores de n\u00facleos, pasadores de expulsores, cavidades, correderas, insertos de moldes y componentes personalizados. Se utilizan ampliamente en moldes de inyecci\u00f3n de pl\u00e1stico, moldes de fundici\u00f3n a presi\u00f3n y moldes de estampaci\u00f3n.<\/p>\n<p><strong>Detalle del producto<\/strong><\/p>\n<p>Material<br \/>\nH13\/STAVAX\/S-7\/A2\/S136\/A2\u2026<\/p>\n<p>Dureza<br \/>\n48-52HRC\/58-60HRC...<\/p>\n<p>Tratamiento t\u00e9rmico<br \/>\nDisponible<\/p>\n<p>Tolerancia m\u00e1s pr\u00f3xima<br \/>\n+ - 0,005mm\/ + - 0,01mm ...<\/p>\n<p>Polaco<br \/>\nRa0,2<\/p>\n<p>Axialidad<br \/>\n0,01 mm<\/p>\n<p>Verticalidad<br \/>\n0,01 mm<\/p>\n<p>Nuestros productos incluyen: pasadores e insertos de n\u00facleo de molde de pl\u00e1stico, componentes de n\u00facleo m\u00f3vil, etc. Se utilizan ampliamente en medicina, cosm\u00e9tica, fundici\u00f3n a presi\u00f3n de autom\u00f3viles, envasado diario, aparatos electr\u00f3nicos y automatizaci\u00f3n y otras industrias.<\/p>\n<p><strong>Fabricante<\/strong><\/p>\n<p class=\"src grammarSection\" data-group=\"1-1\">Dongguan KOTO mould Technology Co., LTD<\/p>\n<p><strong>Campo de actividad<\/strong><br \/>\nCapacidad de fabricaci\u00f3n e inspecci\u00f3n en acero de molde, materiales inoxidables y de cobre para piezas de molde personalizadas de precisi\u00f3n, pasadores de cavidad, pasadores de n\u00facleo, punzones, manguito eyector, piezas de mecanizado CNC, etc...<br \/>\nServicios:Mecanizado CNC,Fresado CNC,Sodick EDM,Sodick Wire-cut,Rectificado OD,Rectificado ID,Rectificado de superficies,Rectificado de roscas,Pulido etc...<br \/>\nIndustrias atendidas: M\u00e9dico\/Embalaje\/Aeroespacial\/Electr\u00f3nico\/Autom\u00f3vil<\/p>\n<p><strong>Campo de aplicaci\u00f3n<\/strong><br \/>\nEmbalaje de piezas de autom\u00f3viles, productos m\u00e9dicos, art\u00edculos de primera necesidad, cosm\u00e9ticos, etc.<\/p>\n<p><strong>Por qu\u00e9 elegirnos<\/strong><\/p>\n<p>Como fabricante, estamos especializados en todo tipo de precisi\u00f3n n\u00facleo pasadores cavidad pasadores insertar pasadores<\/p>\n<p>Buena experiencia de 8 a\u00f1os para hacer piezas de troquelado de estampaci\u00f3n, piezas de troquelado de inyecci\u00f3n, piezas de autom\u00f3viles, productos de metalister\u00eda.<\/p>\n<p>Disponer de equipos de producci\u00f3n avanzados y operarios experimentados.<\/p>\n<p>Buena experiencia en OEM y ODM para nuestros clientes.<\/p>\n<p>Proporcionar el mejor precio, buena calidad y entrega r\u00e1pida.<\/p>\n<p><strong>Condiciones de pago<\/strong><br \/>\nT\/T,Paypal,Western Union,50% dep\u00f3sito, saldo antes del env\u00edo est\u00e1 disponible<\/p>\n<p><strong>Paquete<\/strong><br \/>\nRecubierto con aceite anticorrosivo, film estirable, espuma de algod\u00f3n, embalado en caja de cart\u00f3n.<\/p>\n<p><strong>Formas de env\u00edo<\/strong><br \/>\nDHL, UPS, TNT, Fedex est\u00e1n disponibles<\/p>\n<p>P\u00e1gina web: www.dgkoto.com<br \/>\nCorreo electr\u00f3nico: info@dgkoto.com<\/p>","protected":false},"excerpt":{"rendered":"<p>Whole set of unscrew mold, thread gear cap mold core, cavity, inserts We provide one-stop service for mold core, slider core, ejector core, insert core, angular ejector pin, core pins, ejector pin, cavity, slider, mold inserts, custom components. Those are widely used in plastic injection molds, die casting molds, stamping molds. Product Detail Material H13\/STAVAX\/S-7\/A2\/S136\/A2\u2026 [&hellip;]<\/p>","protected":false},"featured_media":3802,"comment_status":"open","ping_status":"closed","template":"","meta":[],"product_cat":[63],"product_tag":[],"class_list":["post-2899","product","type-product","status-publish","has-post-thumbnail","hentry","product_cat-plastic-cap-mold-cores"],"yoast_head":"<!-- This site is optimized with the Yoast SEO plugin v20.10 - https:\/\/yoast.com\/wordpress\/plugins\/seo\/ -->\n<title>Bottle cap mold parts - Custom processing,Precision mold parts, mold core, cavity processing,plastic mould parts,mould parts<\/title>\n<meta name=\"robots\" content=\"index, follow, max-snippet:-1, max-image-preview:large, max-video-preview:-1\" \/>\n<link rel=\"canonical\" href=\"https:\/\/www.dgkoto.com\/es\/producto\/whole-set-of-unscrew-mold\/\" \/>\n<meta property=\"og:locale\" content=\"es_ES\" \/>\n<meta property=\"og:type\" content=\"article\" \/>\n<meta property=\"og:title\" content=\"Bottle cap mold parts - Custom processing,Precision mold parts, mold core, cavity processing,plastic mould parts,mould parts\" \/>\n<meta property=\"og:description\" content=\"Whole set of unscrew mold, thread gear cap mold core, cavity, inserts We provide one-stop service for mold core, slider core, ejector core, insert core, angular ejector pin, core pins, ejector pin, cavity, slider, mold inserts, custom components. Those are widely used in plastic injection molds, die casting molds, stamping molds. Product Detail Material H13\/STAVAX\/S-7\/A2\/S136\/A2\u2026 [&hellip;]\" \/>\n<meta property=\"og:url\" content=\"https:\/\/www.dgkoto.com\/es\/producto\/whole-set-of-unscrew-mold\/\" \/>\n<meta property=\"og:site_name\" content=\"Custom processing,Precision mold parts, mold core, cavity processing,plastic mould parts,mould parts\" \/>\n<meta property=\"article:modified_time\" content=\"2023-07-03T17:03:50+00:00\" \/>\n<meta property=\"og:image\" content=\"https:\/\/www.dgkoto.com\/wp-content\/uploads\/2023\/06\/Plastic-cap-mold-cores-china-3.png\" \/>\n\t<meta property=\"og:image:width\" content=\"800\" \/>\n\t<meta property=\"og:image:height\" content=\"800\" \/>\n\t<meta property=\"og:image:type\" content=\"image\/png\" \/>\n<meta name=\"twitter:card\" content=\"summary_large_image\" \/>\n<meta name=\"twitter:label1\" content=\"Tiempo de lectura\" \/>\n\t<meta name=\"twitter:data1\" content=\"2 minutos\" \/>\n<script type=\"application\/ld+json\" class=\"yoast-schema-graph\">{\"@context\":\"https:\/\/schema.org\",\"@graph\":[{\"@type\":\"WebPage\",\"@id\":\"https:\/\/www.dgkoto.com\/product\/whole-set-of-unscrew-mold\/\",\"url\":\"https:\/\/www.dgkoto.com\/product\/whole-set-of-unscrew-mold\/\",\"name\":\"Bottle cap mold parts - Custom processing,Precision mold parts, mold core, cavity processing,plastic mould parts,mould parts\",\"isPartOf\":{\"@id\":\"https:\/\/www.dgkoto.com\/#website\"},\"datePublished\":\"2023-06-15T03:59:42+00:00\",\"dateModified\":\"2023-07-03T17:03:50+00:00\",\"breadcrumb\":{\"@id\":\"https:\/\/www.dgkoto.com\/product\/whole-set-of-unscrew-mold\/#breadcrumb\"},\"inLanguage\":\"es\",\"potentialAction\":[{\"@type\":\"ReadAction\",\"target\":[\"https:\/\/www.dgkoto.com\/product\/whole-set-of-unscrew-mold\/\"]}]},{\"@type\":\"BreadcrumbList\",\"@id\":\"https:\/\/www.dgkoto.com\/product\/whole-set-of-unscrew-mold\/#breadcrumb\",\"itemListElement\":[{\"@type\":\"ListItem\",\"position\":1,\"name\":\"\u9996\u9875\",\"item\":\"https:\/\/www.dgkoto.com\/\"},{\"@type\":\"ListItem\",\"position\":2,\"name\":\"Products\",\"item\":\"https:\/\/www.dgkoto.com\/?page_id=1731\"},{\"@type\":\"ListItem\",\"position\":3,\"name\":\"Bottle cap mold parts\"}]},{\"@type\":\"WebSite\",\"@id\":\"https:\/\/www.dgkoto.com\/#website\",\"url\":\"https:\/\/www.dgkoto.com\/\",\"name\":\"Custom processing,Precision mold parts, mold core, cavity processing\",\"description\":\"Dongguan KOTO mould Technology Co., LTD\",\"publisher\":{\"@id\":\"https:\/\/www.dgkoto.com\/#organization\"},\"potentialAction\":[{\"@type\":\"SearchAction\",\"target\":{\"@type\":\"EntryPoint\",\"urlTemplate\":\"https:\/\/www.dgkoto.com\/?s={search_term_string}\"},\"query-input\":\"required name=search_term_string\"}],\"inLanguage\":\"es\"},{\"@type\":\"Organization\",\"@id\":\"https:\/\/www.dgkoto.com\/#organization\",\"name\":\"Dongguan KOTO Mold Technology Co., Ltd.\",\"url\":\"https:\/\/www.dgkoto.com\/\",\"logo\":{\"@type\":\"ImageObject\",\"inLanguage\":\"es\",\"@id\":\"https:\/\/www.dgkoto.com\/#\/schema\/logo\/image\/\",\"url\":\"https:\/\/www.dgkoto.com\/wp-content\/uploads\/2023\/06\/512-512LOGO_\u526f\u672c\u65b0LOGO.png\",\"contentUrl\":\"https:\/\/www.dgkoto.com\/wp-content\/uploads\/2023\/06\/512-512LOGO_\u526f\u672c\u65b0LOGO.png\",\"width\":614,\"height\":614,\"caption\":\"Dongguan KOTO Mold Technology Co., Ltd.\"},\"image\":{\"@id\":\"https:\/\/www.dgkoto.com\/#\/schema\/logo\/image\/\"}}]}<\/script>\n<!-- \/ Yoast SEO plugin. -->","yoast_head_json":{"title":"Bottle cap mold parts - Custom processing,Precision mold parts, mold core, cavity processing,plastic mould parts,mould parts","robots":{"index":"index","follow":"follow","max-snippet":"max-snippet:-1","max-image-preview":"max-image-preview:large","max-video-preview":"max-video-preview:-1"},"canonical":"https:\/\/www.dgkoto.com\/es\/producto\/whole-set-of-unscrew-mold\/","og_locale":"es_ES","og_type":"article","og_title":"Bottle cap mold parts - Custom processing,Precision mold parts, mold core, cavity processing,plastic mould parts,mould parts","og_description":"Whole set of unscrew mold, thread gear cap mold core, cavity, inserts We provide one-stop service for mold core, slider core, ejector core, insert core, angular ejector pin, core pins, ejector pin, cavity, slider, mold inserts, custom components. Those are widely used in plastic injection molds, die casting molds, stamping molds. Product Detail Material H13\/STAVAX\/S-7\/A2\/S136\/A2\u2026 [&hellip;]","og_url":"https:\/\/www.dgkoto.com\/es\/producto\/whole-set-of-unscrew-mold\/","og_site_name":"Custom processing,Precision mold parts, mold core, cavity processing,plastic mould parts,mould parts","article_modified_time":"2023-07-03T17:03:50+00:00","og_image":[{"width":800,"height":800,"url":"https:\/\/www.dgkoto.com\/wp-content\/uploads\/2023\/06\/Plastic-cap-mold-cores-china-3.png","type":"image\/png"}],"twitter_card":"summary_large_image","twitter_misc":{"Tiempo de lectura":"2 minutos"},"schema":{"@context":"https:\/\/schema.org","@graph":[{"@type":"WebPage","@id":"https:\/\/www.dgkoto.com\/product\/whole-set-of-unscrew-mold\/","url":"https:\/\/www.dgkoto.com\/product\/whole-set-of-unscrew-mold\/","name":"Bottle cap mold parts - Custom processing,Precision mold parts, mold core, cavity processing,plastic mould parts,mould parts","isPartOf":{"@id":"https:\/\/www.dgkoto.com\/#website"},"datePublished":"2023-06-15T03:59:42+00:00","dateModified":"2023-07-03T17:03:50+00:00","breadcrumb":{"@id":"https:\/\/www.dgkoto.com\/product\/whole-set-of-unscrew-mold\/#breadcrumb"},"inLanguage":"es","potentialAction":[{"@type":"ReadAction","target":["https:\/\/www.dgkoto.com\/product\/whole-set-of-unscrew-mold\/"]}]},{"@type":"BreadcrumbList","@id":"https:\/\/www.dgkoto.com\/product\/whole-set-of-unscrew-mold\/#breadcrumb","itemListElement":[{"@type":"ListItem","position":1,"name":"\u9996\u9875","item":"https:\/\/www.dgkoto.com\/"},{"@type":"ListItem","position":2,"name":"Products","item":"https:\/\/www.dgkoto.com\/?page_id=1731"},{"@type":"ListItem","position":3,"name":"Bottle cap mold parts"}]},{"@type":"WebSite","@id":"https:\/\/www.dgkoto.com\/#website","url":"https:\/\/www.dgkoto.com\/","name":"Custom processing,Precision mold parts, mold core, cavity processing","description":"Dongguan KOTO mould Technology Co., LTD","publisher":{"@id":"https:\/\/www.dgkoto.com\/#organization"},"potentialAction":[{"@type":"SearchAction","target":{"@type":"EntryPoint","urlTemplate":"https:\/\/www.dgkoto.com\/?s={search_term_string}"},"query-input":"required name=search_term_string"}],"inLanguage":"es"},{"@type":"Organization","@id":"https:\/\/www.dgkoto.com\/#organization","name":"Dongguan KOTO Mold Technology Co., Ltd.","url":"https:\/\/www.dgkoto.com\/","logo":{"@type":"ImageObject","inLanguage":"es","@id":"https:\/\/www.dgkoto.com\/#\/schema\/logo\/image\/","url":"https:\/\/www.dgkoto.com\/wp-content\/uploads\/2023\/06\/512-512LOGO_\u526f\u672c\u65b0LOGO.png","contentUrl":"https:\/\/www.dgkoto.com\/wp-content\/uploads\/2023\/06\/512-512LOGO_\u526f\u672c\u65b0LOGO.png","width":614,"height":614,"caption":"Dongguan KOTO Mold Technology Co., Ltd."},"image":{"@id":"https:\/\/www.dgkoto.com\/#\/schema\/logo\/image\/"}}]}},"_links":{"self":[{"href":"https:\/\/www.dgkoto.com\/es\/wp-json\/wp\/v2\/product\/2899","targetHints":{"allow":["GET"]}}],"collection":[{"href":"https:\/\/www.dgkoto.com\/es\/wp-json\/wp\/v2\/product"}],"about":[{"href":"https:\/\/www.dgkoto.com\/es\/wp-json\/wp\/v2\/types\/product"}],"replies":[{"embeddable":true,"href":"https:\/\/www.dgkoto.com\/es\/wp-json\/wp\/v2\/comments?post=2899"}],"wp:featuredmedia":[{"embeddable":true,"href":"https:\/\/www.dgkoto.com\/es\/wp-json\/wp\/v2\/media\/3802"}],"wp:attachment":[{"href":"https:\/\/www.dgkoto.com\/es\/wp-json\/wp\/v2\/media?parent=2899"}],"wp:term":[{"taxonomy":"product_cat","embeddable":true,"href":"https:\/\/www.dgkoto.com\/es\/wp-json\/wp\/v2\/product_cat?post=2899"},{"taxonomy":"product_tag","embeddable":true,"href":"https:\/\/www.dgkoto.com\/es\/wp-json\/wp\/v2\/product_tag?post=2899"}],"curies":[{"name":"wp","href":"https:\/\/api.w.org\/{rel}","templated":true}]}}