{"id":2895,"date":"2023-06-15T11:57:28","date_gmt":"2023-06-15T03:57:28","guid":{"rendered":"http:\/\/www.dgkoto.com\/?post_type=product&#038;p=2895"},"modified":"2023-07-04T00:56:33","modified_gmt":"2023-07-03T16:56:33","slug":"stavax-esr-blood-collection-tube-thread-mold-core-inserts","status":"publish","type":"product","link":"https:\/\/www.dgkoto.com\/es\/product\/stavax-esr-blood-collection-tube-thread-mold-core-inserts\/","title":{"rendered":"Insertos de n\u00facleo de molde de rosca para tubo de extracci\u00f3n de sangre Stavax ESR"},"content":{"rendered":"<p class=\"attachment\"><img loading=\"lazy\" decoding=\"async\" class=\"alignnone size-medium wp-image-3050\" src=\"http:\/\/www.dgkoto.com\/wp-content\/uploads\/2023\/06\/\u56fe\u72479_\u526f\u672c-300x300.png\" alt=\"\" width=\"300\" height=\"300\" srcset=\"https:\/\/www.dgkoto.com\/wp-content\/uploads\/2023\/06\/\u56fe\u72479_\u526f\u672c-300x300.png 300w, https:\/\/www.dgkoto.com\/wp-content\/uploads\/2023\/06\/\u56fe\u72479_\u526f\u672c-150x150.png 150w, https:\/\/www.dgkoto.com\/wp-content\/uploads\/2023\/06\/\u56fe\u72479_\u526f\u672c-768x768.png 768w, https:\/\/www.dgkoto.com\/wp-content\/uploads\/2023\/06\/\u56fe\u72479_\u526f\u672c-12x12.png 12w, https:\/\/www.dgkoto.com\/wp-content\/uploads\/2023\/06\/\u56fe\u72479_\u526f\u672c-600x600.png 600w, https:\/\/www.dgkoto.com\/wp-content\/uploads\/2023\/06\/\u56fe\u72479_\u526f\u672c-100x100.png 100w, https:\/\/www.dgkoto.com\/wp-content\/uploads\/2023\/06\/\u56fe\u72479_\u526f\u672c.png 800w\" sizes=\"auto, (max-width: 300px) 100vw, 300px\" \/><\/p>\n<p>Tubo de extracci\u00f3n de sangre Stavax ESR insertos de n\u00facleo de molde de rosca Para moldeo por inyecci\u00f3n de pl\u00e1stico<\/p>\n<p>El moldeo por inserci\u00f3n es un proceso en el que se inyecta pl\u00e1stico en un molde que contiene un inserto previamente colocado. El resultado del moldeo por inserci\u00f3n es una \u00fanica pieza de pl\u00e1stico moldeada con un inserto rodeado por el pl\u00e1stico. Los insertos pueden ser de metal o de distintos tipos de pl\u00e1stico. El moldeo por inserci\u00f3n se utiliza en muchas industrias.<\/p>\n<p><strong>Detalle del producto<\/strong><\/p>\n<p>Material<\/p>\n<p>Stavax<br \/>\nDureza<\/p>\n<p>50-52HRC<\/p>\n<p>Tratamiento t\u00e9rmico<\/p>\n<p>Disponible<\/p>\n<p><strong>Servicio<\/strong><\/p>\n<p>Fabricar insertos de molde seg\u00fan el dise\u00f1o del cliente<\/p>\n<p>Tolerancia m\u00e1s pr\u00f3xima<\/p>\n<p>+ - 0,01 mm<\/p>\n<p>Polaco<\/p>\n<p>Ra0.1<\/p>\n<p>Axialidad<\/p>\n<p>0,005 mm<\/p>\n<p>Verticalidad<\/p>\n<p>0,005 mm<\/p>\n<p>Nuestros productos incluyen: pasadores e insertos de n\u00facleo de molde de pl\u00e1stico, cavidades de molde, n\u00facleos de molde, deslizadores, componentes de n\u00facleo m\u00f3vil, etc. Se utilizan ampliamente en medicina, cosm\u00e9tica, fundici\u00f3n a presi\u00f3n de autom\u00f3viles, embalaje diario, aparatos electr\u00f3nicos y automatizaci\u00f3n y otras industrias.<\/p>\n<p><strong>Campo de actividad<\/strong><br \/>\nCapacidad de fabricaci\u00f3n e inspecci\u00f3n en materiales de acero, acero inoxidable y cobre para piezas de moldes de precisi\u00f3n, pasadores de cavidad, pasadores de n\u00facleo, punzones, manguitos eyectores, piezas de mecanizado CNC, etc...<br \/>\nServicios:Mecanizado CNC,Fresado CNC,Sodick EDM,Sodick Wire-cut,Rectificado OD,Rectificado ID,Rectificado de superficies,Rectificado de roscas,Pulido etc...<br \/>\nIndustrias atendidas: M\u00e9dico\/Embalaje\/Aeroespacial\/Electr\u00f3nico<\/p>\n<p><strong>Campo de aplicaci\u00f3n<\/strong><br \/>\nEmbalaje de piezas de autom\u00f3viles, productos m\u00e9dicos, art\u00edculos de primera necesidad, cosm\u00e9ticos, etc.<\/p>\n<p><strong>Por qu\u00e9 elegirnos<\/strong><\/p>\n<p>Como fabricante, estamos especializados en todo tipo de pasadores de precsion pasadores de cavidad pasadores de inserci\u00f3n<\/p>\n<p>Buena experiencia de 8 a\u00f1os para hacer piezas de troquelado de estampaci\u00f3n, piezas de troquelado de inyecci\u00f3n, piezas de autom\u00f3viles, productos de metalister\u00eda.<\/p>\n<p>Disponemos de equipos de producci\u00f3n avanzados y operarios experimentados.<\/p>\n<p>Buena experiencia en OEM y ODM para nuestros clientes.<\/p>\n<p>Proporcionar el mejor precio, buena calidad y entrega r\u00e1pida.<\/p>\n<p><strong>Condiciones de pago<\/strong><br \/>\nT\/T,Paypal,Western Union,50% dep\u00f3sito, saldo antes del env\u00edo est\u00e1 disponible<\/p>\n<p><strong>Paquete<\/strong><br \/>\nRecubierto con aceite anticorrosivo, embalado en caja de cart\u00f3n<\/p>\n<p><strong>Formas de env\u00edo<\/strong><br \/>\nDHL,TNT,Fedex est\u00e1n disponibles<\/p>\n<p><strong>Ventaja<\/strong><\/p>\n<p>(1) Acabado pulido 6-8 microacabado.<\/p>\n<p>(2) Rectificado de precisi\u00f3n con una tolerancia de di\u00e1metro de +\/-0,005 mm.<\/p>\n<p>(3) Tama\u00f1os fraccionarios comunes disponibles hasta 3 1\/2\u2033 de longitud.<\/p>\n<p>(4) STAVAX ESR es un material de acero inoxidable de alta calidad.<\/p>\n<p>(5) Se pueden fabricar tama\u00f1os personalizados por encargo de hasta 1\u2033 de di\u00e1metro.<\/p>\n<p>(6) Dureza personalizada RC 50-52.<\/p>\n<p>\u00bfC\u00f3mo hacer un pedido?<br \/>\n(a) Env\u00edenos un plano o una muestra (piezas no est\u00e1ndar).<br \/>\nPodemos firmar NDA si el archivo pertenece a la propiedad intelectual y es confidencial.<br \/>\n(b) Evaluamos el dibujo y el requisito inmediatamente.<br \/>\n(c) Intentamos enviar la oferta el mismo d\u00eda al cliente.<br \/>\n(d) Si ambos estamos de acuerdo en la oferta, para las normas comerciales, aceptamos 50% Dep\u00f3sito antes de la orden, y 50% Saldo cuando el env\u00edo es taking.Then podemos iniciar la fabricaci\u00f3n o proceso de la muestra.<br \/>\n(e) Nuestro tiempo de producci\u00f3n suele ser de 10-15 d\u00edas laborables, el proceso de muestra tarda 10 d\u00edas. Depende de la cantidad de la orden y del producto s\u00ed mismo.<br \/>\n(f) Podemos enviar las piezas por expreso, aire, mar seg\u00fan su necesidad.<\/p>\n<p>Para que la consulta sea eficaz y sin confusiones, le ruego que durante la misma me facilite los siguientes datos sobre sus productos:<\/p>\n<p>1) Dise\u00f1o de piezas de molde a medida.<br \/>\n2) Material de las piezas.<br \/>\n3) La dimensi\u00f3n de las piezas del molde y la tolerancia.<br \/>\n4) La dureza del material, el tratamiento de la superficie.<br \/>\n5) Cantidad.<\/p>\n<p>Creo que muchos art\u00edculos coincidir\u00e1n con su inter\u00e9s, \u00a1y realmente espero establecer relaciones comerciales con usted!<br \/>\nCualquier pregunta, por favor no dude en ponerse en contacto conmigo en cualquier momento.<\/p>","protected":false},"excerpt":{"rendered":"<p>Stavax ESR blood collection tube thread mold core inserts For plastic injection molding Mold core insert is a process in which plastic is injected into a mold that contains an pre-placed insert. The result of insert molding is a single molded plastic piece with an insert surrounded by the plastic. Inserts can be made of [&hellip;]<\/p>","protected":false},"featured_media":3050,"comment_status":"open","ping_status":"closed","template":"","meta":[],"product_cat":[61],"product_tag":[82],"class_list":["post-2895","product","type-product","status-publish","has-post-thumbnail","hentry","product_cat-medical-mold-cavities-core-pins","product_tag-customized-precision-mold-core-customized-precision-mold-cavitymedical-mold-corenon-standard-customized-mold-coremedical-mold-insert"],"yoast_head":"<!-- This site is optimized with the Yoast SEO plugin v20.10 - https:\/\/yoast.com\/wordpress\/plugins\/seo\/ -->\n<title>Stavax ESR blood collection tube thread mold core inserts - Custom processing,Precision mold parts, mold core, cavity processing,plastic mould parts,mould parts<\/title>\n<meta name=\"robots\" content=\"index, follow, max-snippet:-1, max-image-preview:large, max-video-preview:-1\" \/>\n<link rel=\"canonical\" href=\"https:\/\/www.dgkoto.com\/es\/producto\/stavax-esr-blood-collection-tube-thread-mold-core-inserts\/\" \/>\n<meta property=\"og:locale\" content=\"es_ES\" \/>\n<meta property=\"og:type\" content=\"article\" \/>\n<meta property=\"og:title\" content=\"Stavax ESR blood collection tube thread mold core inserts - Custom processing,Precision mold parts, mold core, cavity processing,plastic mould parts,mould parts\" \/>\n<meta property=\"og:description\" content=\"Stavax ESR blood collection tube thread mold core inserts For plastic injection molding Mold core insert is a process in which plastic is injected into a mold that contains an pre-placed insert. The result of insert molding is a single molded plastic piece with an insert surrounded by the plastic. Inserts can be made of [&hellip;]\" \/>\n<meta property=\"og:url\" content=\"https:\/\/www.dgkoto.com\/es\/producto\/stavax-esr-blood-collection-tube-thread-mold-core-inserts\/\" \/>\n<meta property=\"og:site_name\" content=\"Custom processing,Precision mold parts, mold core, cavity processing,plastic mould parts,mould parts\" \/>\n<meta property=\"article:modified_time\" content=\"2023-07-03T16:56:33+00:00\" \/>\n<meta property=\"og:image\" content=\"https:\/\/www.dgkoto.com\/wp-content\/uploads\/2023\/06\/\u56fe\u72479_\u526f\u672c.png\" \/>\n\t<meta property=\"og:image:width\" content=\"800\" \/>\n\t<meta property=\"og:image:height\" content=\"800\" \/>\n\t<meta property=\"og:image:type\" content=\"image\/png\" \/>\n<meta name=\"twitter:card\" content=\"summary_large_image\" \/>\n<meta name=\"twitter:label1\" content=\"Tiempo de lectura\" \/>\n\t<meta name=\"twitter:data1\" content=\"3 minutos\" \/>\n<script type=\"application\/ld+json\" class=\"yoast-schema-graph\">{\"@context\":\"https:\/\/schema.org\",\"@graph\":[{\"@type\":\"WebPage\",\"@id\":\"https:\/\/www.dgkoto.com\/product\/stavax-esr-blood-collection-tube-thread-mold-core-inserts\/\",\"url\":\"https:\/\/www.dgkoto.com\/product\/stavax-esr-blood-collection-tube-thread-mold-core-inserts\/\",\"name\":\"Stavax ESR blood collection tube thread mold core inserts - Custom processing,Precision mold parts, mold core, cavity processing,plastic mould parts,mould parts\",\"isPartOf\":{\"@id\":\"https:\/\/www.dgkoto.com\/#website\"},\"datePublished\":\"2023-06-15T03:57:28+00:00\",\"dateModified\":\"2023-07-03T16:56:33+00:00\",\"breadcrumb\":{\"@id\":\"https:\/\/www.dgkoto.com\/product\/stavax-esr-blood-collection-tube-thread-mold-core-inserts\/#breadcrumb\"},\"inLanguage\":\"es\",\"potentialAction\":[{\"@type\":\"ReadAction\",\"target\":[\"https:\/\/www.dgkoto.com\/product\/stavax-esr-blood-collection-tube-thread-mold-core-inserts\/\"]}]},{\"@type\":\"BreadcrumbList\",\"@id\":\"https:\/\/www.dgkoto.com\/product\/stavax-esr-blood-collection-tube-thread-mold-core-inserts\/#breadcrumb\",\"itemListElement\":[{\"@type\":\"ListItem\",\"position\":1,\"name\":\"\u9996\u9875\",\"item\":\"https:\/\/www.dgkoto.com\/\"},{\"@type\":\"ListItem\",\"position\":2,\"name\":\"Products\",\"item\":\"https:\/\/www.dgkoto.com\/?page_id=1731\"},{\"@type\":\"ListItem\",\"position\":3,\"name\":\"Stavax ESR blood collection tube thread mold core inserts\"}]},{\"@type\":\"WebSite\",\"@id\":\"https:\/\/www.dgkoto.com\/#website\",\"url\":\"https:\/\/www.dgkoto.com\/\",\"name\":\"Custom processing,Precision mold parts, mold core, cavity processing\",\"description\":\"Dongguan KOTO mould Technology Co., LTD\",\"publisher\":{\"@id\":\"https:\/\/www.dgkoto.com\/#organization\"},\"potentialAction\":[{\"@type\":\"SearchAction\",\"target\":{\"@type\":\"EntryPoint\",\"urlTemplate\":\"https:\/\/www.dgkoto.com\/?s={search_term_string}\"},\"query-input\":\"required name=search_term_string\"}],\"inLanguage\":\"es\"},{\"@type\":\"Organization\",\"@id\":\"https:\/\/www.dgkoto.com\/#organization\",\"name\":\"Dongguan KOTO Mold Technology Co., Ltd.\",\"url\":\"https:\/\/www.dgkoto.com\/\",\"logo\":{\"@type\":\"ImageObject\",\"inLanguage\":\"es\",\"@id\":\"https:\/\/www.dgkoto.com\/#\/schema\/logo\/image\/\",\"url\":\"https:\/\/www.dgkoto.com\/wp-content\/uploads\/2023\/06\/512-512LOGO_\u526f\u672c\u65b0LOGO.png\",\"contentUrl\":\"https:\/\/www.dgkoto.com\/wp-content\/uploads\/2023\/06\/512-512LOGO_\u526f\u672c\u65b0LOGO.png\",\"width\":614,\"height\":614,\"caption\":\"Dongguan KOTO Mold Technology Co., Ltd.\"},\"image\":{\"@id\":\"https:\/\/www.dgkoto.com\/#\/schema\/logo\/image\/\"}}]}<\/script>\n<!-- \/ Yoast SEO plugin. -->","yoast_head_json":{"title":"Stavax ESR blood collection tube thread mold core inserts - Custom processing,Precision mold parts, mold core, cavity processing,plastic mould parts,mould parts","robots":{"index":"index","follow":"follow","max-snippet":"max-snippet:-1","max-image-preview":"max-image-preview:large","max-video-preview":"max-video-preview:-1"},"canonical":"https:\/\/www.dgkoto.com\/es\/producto\/stavax-esr-blood-collection-tube-thread-mold-core-inserts\/","og_locale":"es_ES","og_type":"article","og_title":"Stavax ESR blood collection tube thread mold core inserts - Custom processing,Precision mold parts, mold core, cavity processing,plastic mould parts,mould parts","og_description":"Stavax ESR blood collection tube thread mold core inserts For plastic injection molding Mold core insert is a process in which plastic is injected into a mold that contains an pre-placed insert. The result of insert molding is a single molded plastic piece with an insert surrounded by the plastic. Inserts can be made of [&hellip;]","og_url":"https:\/\/www.dgkoto.com\/es\/producto\/stavax-esr-blood-collection-tube-thread-mold-core-inserts\/","og_site_name":"Custom processing,Precision mold parts, mold core, cavity processing,plastic mould parts,mould parts","article_modified_time":"2023-07-03T16:56:33+00:00","og_image":[{"width":800,"height":800,"url":"https:\/\/www.dgkoto.com\/wp-content\/uploads\/2023\/06\/\u56fe\u72479_\u526f\u672c.png","type":"image\/png"}],"twitter_card":"summary_large_image","twitter_misc":{"Tiempo de lectura":"3 minutos"},"schema":{"@context":"https:\/\/schema.org","@graph":[{"@type":"WebPage","@id":"https:\/\/www.dgkoto.com\/product\/stavax-esr-blood-collection-tube-thread-mold-core-inserts\/","url":"https:\/\/www.dgkoto.com\/product\/stavax-esr-blood-collection-tube-thread-mold-core-inserts\/","name":"Stavax ESR blood collection tube thread mold core inserts - Custom processing,Precision mold parts, mold core, cavity processing,plastic mould parts,mould parts","isPartOf":{"@id":"https:\/\/www.dgkoto.com\/#website"},"datePublished":"2023-06-15T03:57:28+00:00","dateModified":"2023-07-03T16:56:33+00:00","breadcrumb":{"@id":"https:\/\/www.dgkoto.com\/product\/stavax-esr-blood-collection-tube-thread-mold-core-inserts\/#breadcrumb"},"inLanguage":"es","potentialAction":[{"@type":"ReadAction","target":["https:\/\/www.dgkoto.com\/product\/stavax-esr-blood-collection-tube-thread-mold-core-inserts\/"]}]},{"@type":"BreadcrumbList","@id":"https:\/\/www.dgkoto.com\/product\/stavax-esr-blood-collection-tube-thread-mold-core-inserts\/#breadcrumb","itemListElement":[{"@type":"ListItem","position":1,"name":"\u9996\u9875","item":"https:\/\/www.dgkoto.com\/"},{"@type":"ListItem","position":2,"name":"Products","item":"https:\/\/www.dgkoto.com\/?page_id=1731"},{"@type":"ListItem","position":3,"name":"Stavax ESR blood collection tube thread mold core inserts"}]},{"@type":"WebSite","@id":"https:\/\/www.dgkoto.com\/#website","url":"https:\/\/www.dgkoto.com\/","name":"Custom processing,Precision mold parts, mold core, cavity processing","description":"Dongguan KOTO mould Technology Co., LTD","publisher":{"@id":"https:\/\/www.dgkoto.com\/#organization"},"potentialAction":[{"@type":"SearchAction","target":{"@type":"EntryPoint","urlTemplate":"https:\/\/www.dgkoto.com\/?s={search_term_string}"},"query-input":"required name=search_term_string"}],"inLanguage":"es"},{"@type":"Organization","@id":"https:\/\/www.dgkoto.com\/#organization","name":"Dongguan KOTO Mold Technology Co., Ltd.","url":"https:\/\/www.dgkoto.com\/","logo":{"@type":"ImageObject","inLanguage":"es","@id":"https:\/\/www.dgkoto.com\/#\/schema\/logo\/image\/","url":"https:\/\/www.dgkoto.com\/wp-content\/uploads\/2023\/06\/512-512LOGO_\u526f\u672c\u65b0LOGO.png","contentUrl":"https:\/\/www.dgkoto.com\/wp-content\/uploads\/2023\/06\/512-512LOGO_\u526f\u672c\u65b0LOGO.png","width":614,"height":614,"caption":"Dongguan KOTO Mold Technology Co., Ltd."},"image":{"@id":"https:\/\/www.dgkoto.com\/#\/schema\/logo\/image\/"}}]}},"_links":{"self":[{"href":"https:\/\/www.dgkoto.com\/es\/wp-json\/wp\/v2\/product\/2895","targetHints":{"allow":["GET"]}}],"collection":[{"href":"https:\/\/www.dgkoto.com\/es\/wp-json\/wp\/v2\/product"}],"about":[{"href":"https:\/\/www.dgkoto.com\/es\/wp-json\/wp\/v2\/types\/product"}],"replies":[{"embeddable":true,"href":"https:\/\/www.dgkoto.com\/es\/wp-json\/wp\/v2\/comments?post=2895"}],"wp:featuredmedia":[{"embeddable":true,"href":"https:\/\/www.dgkoto.com\/es\/wp-json\/wp\/v2\/media\/3050"}],"wp:attachment":[{"href":"https:\/\/www.dgkoto.com\/es\/wp-json\/wp\/v2\/media?parent=2895"}],"wp:term":[{"taxonomy":"product_cat","embeddable":true,"href":"https:\/\/www.dgkoto.com\/es\/wp-json\/wp\/v2\/product_cat?post=2895"},{"taxonomy":"product_tag","embeddable":true,"href":"https:\/\/www.dgkoto.com\/es\/wp-json\/wp\/v2\/product_tag?post=2895"}],"curies":[{"name":"wp","href":"https:\/\/api.w.org\/{rel}","templated":true}]}}