{"id":2889,"date":"2023-06-15T11:54:48","date_gmt":"2023-06-15T03:54:48","guid":{"rendered":"http:\/\/www.dgkoto.com\/?post_type=product&#038;p=2889"},"modified":"2023-07-04T00:42:34","modified_gmt":"2023-07-03T16:42:34","slug":"plastic-gun-injection-mold-core-cavity","status":"publish","type":"product","link":"https:\/\/www.dgkoto.com\/es\/product\/plastic-gun-injection-mold-core-cavity\/","title":{"rendered":"Cavidad del n\u00facleo del molde de inyecci\u00f3n de pistola de pl\u00e1stico"},"content":{"rendered":"<article id=\"post-1748\" class=\"post-1748 attachment type-attachment status-inherit hentry\">\n<div class=\"entry-content\">\n<p class=\"attachment\"><img loading=\"lazy\" decoding=\"async\" class=\"alignnone size-medium wp-image-3506\" src=\"http:\/\/www.dgkoto.com\/wp-content\/uploads\/2023\/06\/Custom-mold-components-China-4-300x300.png\" alt=\"\" width=\"300\" height=\"300\" srcset=\"https:\/\/www.dgkoto.com\/wp-content\/uploads\/2023\/06\/Custom-mold-components-China-4-300x300.png 300w, https:\/\/www.dgkoto.com\/wp-content\/uploads\/2023\/06\/Custom-mold-components-China-4-150x150.png 150w, https:\/\/www.dgkoto.com\/wp-content\/uploads\/2023\/06\/Custom-mold-components-China-4-768x768.png 768w, https:\/\/www.dgkoto.com\/wp-content\/uploads\/2023\/06\/Custom-mold-components-China-4-12x12.png 12w, https:\/\/www.dgkoto.com\/wp-content\/uploads\/2023\/06\/Custom-mold-components-China-4-600x600.png 600w, https:\/\/www.dgkoto.com\/wp-content\/uploads\/2023\/06\/Custom-mold-components-China-4-100x100.png 100w, https:\/\/www.dgkoto.com\/wp-content\/uploads\/2023\/06\/Custom-mold-components-China-4.png 800w\" sizes=\"auto, (max-width: 300px) 100vw, 300px\" \/><\/p>\n<p><strong>Piezas de moldes de precisi\u00f3n N\u00facleo del molde Cavidad del molde Inserci\u00f3n Die Componentes para moldeo por inyecci\u00f3n de pl\u00e1stico<\/strong><\/p>\n<p>El moldeo por inserci\u00f3n es un proceso en el que se inyecta pl\u00e1stico en un molde que contiene un inserto previamente colocado. El resultado del moldeo por inserci\u00f3n es una \u00fanica pieza de pl\u00e1stico moldeada con un inserto rodeado por el pl\u00e1stico. Los insertos pueden ser de metal o de distintos tipos de pl\u00e1stico. El moldeo por inserci\u00f3n se utiliza en muchas industrias.<\/p>\n<p><strong>Detalle del producto<\/strong><\/p>\n<p>Material<br \/>\n1.2344<\/p>\n<p>Dureza<br \/>\n48-52HRC<\/p>\n<p>Tratamiento t\u00e9rmico<br \/>\nDisponible<\/p>\n<p>Tolerancia m\u00e1s pr\u00f3xima<br \/>\n+ - 0,005 mm<\/p>\n<p>Polaco<br \/>\nRa0,2<\/p>\n<p>Axialidad<br \/>\n0,01 mm<\/p>\n<p>Verticalidad<br \/>\n0,01 mm<\/p>\n<p>Nuestros productos incluyen: pasadores e insertos de n\u00facleo de molde de pl\u00e1stico, componentes de n\u00facleo m\u00f3vil, etc. Se utilizan ampliamente en medicina, cosm\u00e9tica, fundici\u00f3n a presi\u00f3n de autom\u00f3viles, envasado diario, aparatos electr\u00f3nicos y automatizaci\u00f3n y otras industrias.<\/p>\n<p><strong>Fabricante<\/strong><br \/>\nDongguan KOTO mould Technology Co., LTD<\/p>\n<p><strong>Campo de actividad<\/strong><br \/>\nCapacidad de fabricaci\u00f3n e inspecci\u00f3n en acero de molde, materiales inoxidables y de cobre para piezas de molde personalizadas de precisi\u00f3n, pasadores de cavidad, pasadores de n\u00facleo, punzones, manguito eyector, piezas de mecanizado CNC, etc...<br \/>\nServicios:Mecanizado CNC,Fresado CNC,Sodick EDM,Sodick Wire-cut,Rectificado OD,Rectificado ID,Rectificado de superficies,Rectificado de roscas,Pulido etc...<br \/>\nIndustrias atendidas: M\u00e9dico\/Embalaje\/Aeroespacial\/Electr\u00f3nico\/Autom\u00f3vil<\/p>\n<p><strong>Campo de aplicaci\u00f3n<\/strong><br \/>\nEmbalaje de piezas de autom\u00f3viles, productos m\u00e9dicos, art\u00edculos de primera necesidad, cosm\u00e9ticos, etc.<\/p>\n<p><strong>Por qu\u00e9 elegirnos<\/strong><\/p>\n<p>Como fabricante, estamos especializados en todo tipo de precisi\u00f3n n\u00facleo pasadores cavidad pasadores insertar pasadores<\/p>\n<p>Buena experiencia de 8 a\u00f1os para hacer piezas de troquelado de estampaci\u00f3n, piezas de troquelado de inyecci\u00f3n, piezas de autom\u00f3viles, productos de metalister\u00eda.<\/p>\n<p>Disponer de equipos de producci\u00f3n avanzados y operarios experimentados.<\/p>\n<p>Buena experiencia en OEM y ODM para nuestros clientes.<\/p>\n<p>Proporcionar el mejor precio, buena calidad y entrega r\u00e1pida.<\/p>\n<p><strong>Condiciones de pago<\/strong><br \/>\nT\/T,Paypal,Western Union,50% dep\u00f3sito, saldo antes del env\u00edo est\u00e1 disponible<\/p>\n<p><strong>Paquete<\/strong><br \/>\nRecubierto con aceite anticorrosivo, film estirable, espuma de algod\u00f3n, embalado en caja de cart\u00f3n.<\/p>\n<p><strong>Formas de env\u00edo<\/strong><br \/>\nDHL, UPS, TNT, Fedex est\u00e1n disponibles<\/p>\n<\/div>\n<\/article>\n<div id=\"comments\" class=\"comments-area\">\n<div id=\"respond\" class=\"comment-respond\"><\/div>\n<\/div>","protected":false},"excerpt":{"rendered":"<p>Precision Mold Parts Mold Core Mold Cavity Insert Die Components For Plastic Injection Molding Insert molding is a process in which plastic is injected into a mold that contains an pre-placed insert. The result of insert molding is a single molded plastic piece with an insert surrounded by the plastic. Inserts can be made of [&hellip;]<\/p>","protected":false},"featured_media":3506,"comment_status":"open","ping_status":"closed","template":"","meta":[],"product_cat":[58],"product_tag":[79],"class_list":["post-2889","product","type-product","status-publish","has-post-thumbnail","hentry","product_cat-custom-mold-corecavity-insert","product_tag-multi-cavities-mold-corescap-injection-mold-partspackaging-mold-componentspackaging-mold-partsa2-s-7-customized-precision-mold-core-customized-precision-mold-cavity"],"yoast_head":"<!-- This site is optimized with the Yoast SEO plugin v20.10 - https:\/\/yoast.com\/wordpress\/plugins\/seo\/ -->\n<title>Plastic Gun Injection Mold core cavity - Custom processing,Precision mold parts, mold core, cavity processing,plastic mould parts,mould parts<\/title>\n<meta name=\"robots\" content=\"index, follow, max-snippet:-1, max-image-preview:large, max-video-preview:-1\" \/>\n<link rel=\"canonical\" href=\"https:\/\/www.dgkoto.com\/es\/producto\/plastic-gun-injection-mold-core-cavity\/\" \/>\n<meta property=\"og:locale\" content=\"es_ES\" \/>\n<meta property=\"og:type\" content=\"article\" \/>\n<meta property=\"og:title\" content=\"Plastic Gun Injection Mold core cavity - Custom processing,Precision mold parts, mold core, cavity processing,plastic mould parts,mould parts\" \/>\n<meta property=\"og:description\" content=\"Precision Mold Parts Mold Core Mold Cavity Insert Die Components For Plastic Injection Molding Insert molding is a process in which plastic is injected into a mold that contains an pre-placed insert. The result of insert molding is a single molded plastic piece with an insert surrounded by the plastic. Inserts can be made of [&hellip;]\" \/>\n<meta property=\"og:url\" content=\"https:\/\/www.dgkoto.com\/es\/producto\/plastic-gun-injection-mold-core-cavity\/\" \/>\n<meta property=\"og:site_name\" content=\"Custom processing,Precision mold parts, mold core, cavity processing,plastic mould parts,mould parts\" \/>\n<meta property=\"article:modified_time\" content=\"2023-07-03T16:42:34+00:00\" \/>\n<meta property=\"og:image\" content=\"https:\/\/www.dgkoto.com\/wp-content\/uploads\/2023\/06\/Custom-mold-components-China-4.png\" \/>\n\t<meta property=\"og:image:width\" content=\"800\" \/>\n\t<meta property=\"og:image:height\" content=\"800\" \/>\n\t<meta property=\"og:image:type\" content=\"image\/png\" \/>\n<meta name=\"twitter:card\" content=\"summary_large_image\" \/>\n<meta name=\"twitter:label1\" content=\"Tiempo de lectura\" \/>\n\t<meta name=\"twitter:data1\" content=\"1 minuto\" \/>\n<script type=\"application\/ld+json\" class=\"yoast-schema-graph\">{\"@context\":\"https:\/\/schema.org\",\"@graph\":[{\"@type\":\"WebPage\",\"@id\":\"https:\/\/www.dgkoto.com\/product\/plastic-gun-injection-mold-core-cavity\/\",\"url\":\"https:\/\/www.dgkoto.com\/product\/plastic-gun-injection-mold-core-cavity\/\",\"name\":\"Plastic Gun Injection Mold core cavity - Custom processing,Precision mold parts, mold core, cavity processing,plastic mould parts,mould parts\",\"isPartOf\":{\"@id\":\"https:\/\/www.dgkoto.com\/#website\"},\"datePublished\":\"2023-06-15T03:54:48+00:00\",\"dateModified\":\"2023-07-03T16:42:34+00:00\",\"breadcrumb\":{\"@id\":\"https:\/\/www.dgkoto.com\/product\/plastic-gun-injection-mold-core-cavity\/#breadcrumb\"},\"inLanguage\":\"es\",\"potentialAction\":[{\"@type\":\"ReadAction\",\"target\":[\"https:\/\/www.dgkoto.com\/product\/plastic-gun-injection-mold-core-cavity\/\"]}]},{\"@type\":\"BreadcrumbList\",\"@id\":\"https:\/\/www.dgkoto.com\/product\/plastic-gun-injection-mold-core-cavity\/#breadcrumb\",\"itemListElement\":[{\"@type\":\"ListItem\",\"position\":1,\"name\":\"\u9996\u9875\",\"item\":\"https:\/\/www.dgkoto.com\/\"},{\"@type\":\"ListItem\",\"position\":2,\"name\":\"Products\",\"item\":\"https:\/\/www.dgkoto.com\/?page_id=1731\"},{\"@type\":\"ListItem\",\"position\":3,\"name\":\"Plastic Gun Injection Mold core cavity\"}]},{\"@type\":\"WebSite\",\"@id\":\"https:\/\/www.dgkoto.com\/#website\",\"url\":\"https:\/\/www.dgkoto.com\/\",\"name\":\"Custom processing,Precision mold parts, mold core, cavity processing\",\"description\":\"Dongguan KOTO mould Technology Co., LTD\",\"publisher\":{\"@id\":\"https:\/\/www.dgkoto.com\/#organization\"},\"potentialAction\":[{\"@type\":\"SearchAction\",\"target\":{\"@type\":\"EntryPoint\",\"urlTemplate\":\"https:\/\/www.dgkoto.com\/?s={search_term_string}\"},\"query-input\":\"required name=search_term_string\"}],\"inLanguage\":\"es\"},{\"@type\":\"Organization\",\"@id\":\"https:\/\/www.dgkoto.com\/#organization\",\"name\":\"Dongguan KOTO Mold Technology Co., Ltd.\",\"url\":\"https:\/\/www.dgkoto.com\/\",\"logo\":{\"@type\":\"ImageObject\",\"inLanguage\":\"es\",\"@id\":\"https:\/\/www.dgkoto.com\/#\/schema\/logo\/image\/\",\"url\":\"https:\/\/www.dgkoto.com\/wp-content\/uploads\/2023\/06\/512-512LOGO_\u526f\u672c\u65b0LOGO.png\",\"contentUrl\":\"https:\/\/www.dgkoto.com\/wp-content\/uploads\/2023\/06\/512-512LOGO_\u526f\u672c\u65b0LOGO.png\",\"width\":614,\"height\":614,\"caption\":\"Dongguan KOTO Mold Technology Co., Ltd.\"},\"image\":{\"@id\":\"https:\/\/www.dgkoto.com\/#\/schema\/logo\/image\/\"}}]}<\/script>\n<!-- \/ Yoast SEO plugin. -->","yoast_head_json":{"title":"Plastic Gun Injection Mold core cavity - Custom processing,Precision mold parts, mold core, cavity processing,plastic mould parts,mould parts","robots":{"index":"index","follow":"follow","max-snippet":"max-snippet:-1","max-image-preview":"max-image-preview:large","max-video-preview":"max-video-preview:-1"},"canonical":"https:\/\/www.dgkoto.com\/es\/producto\/plastic-gun-injection-mold-core-cavity\/","og_locale":"es_ES","og_type":"article","og_title":"Plastic Gun Injection Mold core cavity - Custom processing,Precision mold parts, mold core, cavity processing,plastic mould parts,mould parts","og_description":"Precision Mold Parts Mold Core Mold Cavity Insert Die Components For Plastic Injection Molding Insert molding is a process in which plastic is injected into a mold that contains an pre-placed insert. The result of insert molding is a single molded plastic piece with an insert surrounded by the plastic. Inserts can be made of [&hellip;]","og_url":"https:\/\/www.dgkoto.com\/es\/producto\/plastic-gun-injection-mold-core-cavity\/","og_site_name":"Custom processing,Precision mold parts, mold core, cavity processing,plastic mould parts,mould parts","article_modified_time":"2023-07-03T16:42:34+00:00","og_image":[{"width":800,"height":800,"url":"https:\/\/www.dgkoto.com\/wp-content\/uploads\/2023\/06\/Custom-mold-components-China-4.png","type":"image\/png"}],"twitter_card":"summary_large_image","twitter_misc":{"Tiempo de lectura":"1 minuto"},"schema":{"@context":"https:\/\/schema.org","@graph":[{"@type":"WebPage","@id":"https:\/\/www.dgkoto.com\/product\/plastic-gun-injection-mold-core-cavity\/","url":"https:\/\/www.dgkoto.com\/product\/plastic-gun-injection-mold-core-cavity\/","name":"Plastic Gun Injection Mold core cavity - Custom processing,Precision mold parts, mold core, cavity processing,plastic mould parts,mould parts","isPartOf":{"@id":"https:\/\/www.dgkoto.com\/#website"},"datePublished":"2023-06-15T03:54:48+00:00","dateModified":"2023-07-03T16:42:34+00:00","breadcrumb":{"@id":"https:\/\/www.dgkoto.com\/product\/plastic-gun-injection-mold-core-cavity\/#breadcrumb"},"inLanguage":"es","potentialAction":[{"@type":"ReadAction","target":["https:\/\/www.dgkoto.com\/product\/plastic-gun-injection-mold-core-cavity\/"]}]},{"@type":"BreadcrumbList","@id":"https:\/\/www.dgkoto.com\/product\/plastic-gun-injection-mold-core-cavity\/#breadcrumb","itemListElement":[{"@type":"ListItem","position":1,"name":"\u9996\u9875","item":"https:\/\/www.dgkoto.com\/"},{"@type":"ListItem","position":2,"name":"Products","item":"https:\/\/www.dgkoto.com\/?page_id=1731"},{"@type":"ListItem","position":3,"name":"Plastic Gun Injection Mold core cavity"}]},{"@type":"WebSite","@id":"https:\/\/www.dgkoto.com\/#website","url":"https:\/\/www.dgkoto.com\/","name":"Custom processing,Precision mold parts, mold core, cavity processing","description":"Dongguan KOTO mould Technology Co., LTD","publisher":{"@id":"https:\/\/www.dgkoto.com\/#organization"},"potentialAction":[{"@type":"SearchAction","target":{"@type":"EntryPoint","urlTemplate":"https:\/\/www.dgkoto.com\/?s={search_term_string}"},"query-input":"required name=search_term_string"}],"inLanguage":"es"},{"@type":"Organization","@id":"https:\/\/www.dgkoto.com\/#organization","name":"Dongguan KOTO Mold Technology Co., Ltd.","url":"https:\/\/www.dgkoto.com\/","logo":{"@type":"ImageObject","inLanguage":"es","@id":"https:\/\/www.dgkoto.com\/#\/schema\/logo\/image\/","url":"https:\/\/www.dgkoto.com\/wp-content\/uploads\/2023\/06\/512-512LOGO_\u526f\u672c\u65b0LOGO.png","contentUrl":"https:\/\/www.dgkoto.com\/wp-content\/uploads\/2023\/06\/512-512LOGO_\u526f\u672c\u65b0LOGO.png","width":614,"height":614,"caption":"Dongguan KOTO Mold Technology Co., Ltd."},"image":{"@id":"https:\/\/www.dgkoto.com\/#\/schema\/logo\/image\/"}}]}},"_links":{"self":[{"href":"https:\/\/www.dgkoto.com\/es\/wp-json\/wp\/v2\/product\/2889","targetHints":{"allow":["GET"]}}],"collection":[{"href":"https:\/\/www.dgkoto.com\/es\/wp-json\/wp\/v2\/product"}],"about":[{"href":"https:\/\/www.dgkoto.com\/es\/wp-json\/wp\/v2\/types\/product"}],"replies":[{"embeddable":true,"href":"https:\/\/www.dgkoto.com\/es\/wp-json\/wp\/v2\/comments?post=2889"}],"wp:featuredmedia":[{"embeddable":true,"href":"https:\/\/www.dgkoto.com\/es\/wp-json\/wp\/v2\/media\/3506"}],"wp:attachment":[{"href":"https:\/\/www.dgkoto.com\/es\/wp-json\/wp\/v2\/media?parent=2889"}],"wp:term":[{"taxonomy":"product_cat","embeddable":true,"href":"https:\/\/www.dgkoto.com\/es\/wp-json\/wp\/v2\/product_cat?post=2889"},{"taxonomy":"product_tag","embeddable":true,"href":"https:\/\/www.dgkoto.com\/es\/wp-json\/wp\/v2\/product_tag?post=2889"}],"curies":[{"name":"wp","href":"https:\/\/api.w.org\/{rel}","templated":true}]}}