{"id":2876,"date":"2023-06-15T11:47:07","date_gmt":"2023-06-15T03:47:07","guid":{"rendered":"http:\/\/www.dgkoto.com\/?post_type=product&#038;p=2876"},"modified":"2023-07-03T23:48:52","modified_gmt":"2023-07-03T15:48:52","slug":"custom-flat-skh51-ejector-pins","status":"publish","type":"product","link":"https:\/\/www.dgkoto.com\/es\/product\/custom-flat-skh51-ejector-pins\/","title":{"rendered":"Pasadores eyectores SKH51 planos personalizados"},"content":{"rendered":"<div class=\"entry-content\">\n<p class=\"attachment\"><a href=\"https:\/\/i0.wp.com\/www.ada-precision.com\/wp-content\/uploads\/2018\/09\/Ejector-Pins.jpg\"><img loading=\"lazy\" decoding=\"async\" class=\"attachment-medium size-medium\" src=\"https:\/\/i0.wp.com\/www.ada-precision.com\/wp-content\/uploads\/2018\/09\/Ejector-Pins.jpg?fit=300%2C300\" sizes=\"auto, (max-width: 300px) 100vw, 300px\" srcset=\"https:\/\/i0.wp.com\/www.ada-precision.com\/wp-content\/uploads\/2018\/09\/Ejector-Pins.jpg?w=800 800w, https:\/\/i0.wp.com\/www.ada-precision.com\/wp-content\/uploads\/2018\/09\/Ejector-Pins.jpg?resize=150%2C150 150w, https:\/\/i0.wp.com\/www.ada-precision.com\/wp-content\/uploads\/2018\/09\/Ejector-Pins.jpg?resize=300%2C300 300w, https:\/\/i0.wp.com\/www.ada-precision.com\/wp-content\/uploads\/2018\/09\/Ejector-Pins.jpg?resize=768%2C768 768w\" alt=\"SKH51 Material Flat Ejector Pins And Sleeves \/ Mold Injection Molding Pins\" width=\"300\" height=\"300\" \/><\/a><\/p>\n<p>SKH51 Pasadores Y Manguitos Expulsores Planos \/ Manguitos De Moldeo Pasadores De Moldeo Por Inyecci\u00f3n<\/p>\n<p>ADA es reconocido como un fabricante, exportador y proveedor de productos de componentes de moldes, disponibles en una variedad de grados, materiales y acabados, en tama\u00f1os m\u00e9tricos y en pulgadas, utilizados en diversas m\u00e1quinas y aplicaciones. Los pasadores de manguito se utilizan para sujetar las correderas en un molde cuando el dise\u00f1o del molde requiere un n\u00facleo m\u00f3vil. Ayudan a facilitar un movimiento preciso y adecuado dentro del molde. Y hay disponibles varios, cada uno con sus propias caracter\u00edsticas y aplicaciones.<\/p>\n<p>Detalle del producto<\/p>\n<p>Material: SKH51<br \/>\nDureza 58-62HRC o Depende del material<br \/>\nTratamiento t\u00e9rmico Disponible<br \/>\nServicio a medida<br \/>\nTratamiento superficial TiCN, TiN, TiALM, Ticrn, nitruraci\u00f3n, oxigenado negro, revestimiento negro, etc. disponible<br \/>\nTolerancia m\u00ednima + - 0,05 mm<br \/>\nPulido Ra0,6<br \/>\nAxialidad 0,005 mm<br \/>\nVerticalidad 0,005 mm<\/p>\n<p>Nuestra empresa ofrece un impecable surtido de manguito eyector. El surtido ofrecido es fabricado y dise\u00f1ado con la ayuda de m\u00e1quinas modernas y el empleo de materias primas de primera calidad que se obtienen de los proveedores m\u00e1s confiables de la industria. Adem\u00e1s de esto, todas nuestras mangas son severamente examinados en los par\u00e1metros predefinidos para erradicar sin defectos, en su caso.<\/p>\n<p>Solicitud presentada<br \/>\nMoldes de inyecci\u00f3n de pl\u00e1stico\/Medicina\/Embalaje\/Aeroespacial\/Electr\u00f3nica\/Matrices de fundici\u00f3n a presi\u00f3n\/Tap\u00f3n de botella\/Autom\u00f3vil\/Cosm\u00e9tica etc......<\/p>\n<p>Formato de dibujo<br \/>\nPDF\/DWG\/DXF\/IGS\/STEP,etc.<\/p>\n<p>Condiciones de pago<br \/>\nT\/T,Paypal,Western Union,50% dep\u00f3sito, saldo antes del env\u00edo est\u00e1 disponible<\/p>\n<p>Paquete<br \/>\nBolsa de PE con aceite anticorrosivo, pel\u00edcula de espuma con cart\u00f3n, o caja de madera seg\u00fan el requisito del cliente.<\/p>\n<p>Entrega<\/p>\n<p>El plazo de entrega suele ser de 7-15 d\u00edas laborables para el tipo de pasador eyector, el plazo espec\u00edfico es seg\u00fan la cantidad.<\/p>\n<p>Env\u00edo<\/p>\n<p>Enviamos usando expreso como DHL, UPS, FEDEX etc. o seg\u00fan el requisito de cliente. Se tarda unos 3-5 d\u00edas para llegar a su puerta, y la prueba de shippments se proporcionan con un n\u00famero de env\u00edo o seguimiento. Y enviamos por oc\u00e9ano shippment para art\u00edculos de mayor cantidad, ser\u00e1 econ\u00f3mico para los clientes.<\/p>\n<p>Nuestras ventajas<br \/>\n1. Taller limpio y ordenado.<br \/>\n2. Gesti\u00f3n rigurosa y seria, t\u00e9cnicos cualificados y experimentados.<br \/>\n3. 3. Diversas materias primas (importadas y chinas) para satisfacer las diferentes necesidades de los clientes.<br \/>\n4. 4. Equipos de alta precisi\u00f3n (rectificadora de superficies, cortadora de alambre Sodick, taladradora).<br \/>\n5. El control de calidad acompa\u00f1a todos los procesos de producci\u00f3n de nuestra f\u00e1brica.<br \/>\n6. Puedes comunicarte en ingl\u00e9s o japon\u00e9s<\/p>\n<p>Nuestros servicios<br \/>\n1. Especializado en la pieza del molde de la precisi\u00f3n, las investigaciones conseguir\u00e1n altamente la atenci\u00f3n y ser\u00e1n respuesta pronto. (en el plazo de 24 horas).<br \/>\n2. Instalaciones avanzadas e ingenieros experimentados, rica experiencia en piezas de molde.<br \/>\n3. Calidad garantizada, material de calidad superior en comparaci\u00f3n con todos los dem\u00e1s.<br \/>\n4. Orientaci\u00f3n al cliente, soluci\u00f3n eficiente para controlar el coste para nuestro cliente.<br \/>\n5. 5. Servicio de ventanilla \u00fanica, podemos resolver cualquier duda a la primera.<br \/>\n6. Cada pieza ha sido 100% inspecci\u00f3n antes del env\u00edo.<\/p>\n<p>Productos principales<br \/>\n1.Pasador de n\u00facleo, pasador de cavidad, pasador de inserci\u00f3n, etc.<br \/>\n2.Punz\u00f3n HSS, punz\u00f3n de precisi\u00f3n, punz\u00f3n de forma especial<br \/>\n3.Pasadores de expulsi\u00f3n, manguito de expulsi\u00f3n, pasadores de expulsi\u00f3n de dos etapas, etc.<br \/>\n4.Pilares gu\u00eda, casquillos gu\u00eda, juego de postes gu\u00eda<br \/>\n5.Unidades de n\u00facleo deslizante, cerraduras de pestillo, series de localizaci\u00f3n<br \/>\n6.N\u00facleo del molde, cavidad del molde, placa del molde<\/p>\n<\/div>","protected":false},"excerpt":{"rendered":"<p>SKH51 Flat Ejector Pins And Sleeves \/ Mold Sleeves Injection Molding Pins ADA is acknowledged as a manufacturer, exporter &amp; suppliers of mould components product, available in a variety or grades, materials, and finishes, in metric and inch sizes, used in various machine and application. Sleeve pins are used to hold slides in a mould [&hellip;]<\/p>","protected":false},"featured_media":2877,"comment_status":"open","ping_status":"closed","template":"","meta":[],"product_cat":[52],"product_tag":[74],"class_list":["post-2876","product","type-product","status-publish","has-post-thumbnail","hentry","product_cat-custom-precision-mold-core-pins","product_tag-componentsmouldmould-partsmold-partsmold-core-precision-micro-partscustom-processingprocessing-according-to-the-drawing"],"yoast_head":"<!-- This site is optimized with the Yoast SEO plugin v20.10 - https:\/\/yoast.com\/wordpress\/plugins\/seo\/ -->\n<title>Custom Flat SKH51 Ejector Pins - Custom processing,Precision mold parts, mold core, cavity processing,plastic mould parts,mould parts<\/title>\n<meta name=\"robots\" content=\"index, follow, max-snippet:-1, max-image-preview:large, max-video-preview:-1\" \/>\n<link rel=\"canonical\" href=\"https:\/\/www.dgkoto.com\/es\/producto\/custom-flat-skh51-ejector-pins\/\" \/>\n<meta property=\"og:locale\" content=\"es_ES\" \/>\n<meta property=\"og:type\" content=\"article\" \/>\n<meta property=\"og:title\" content=\"Custom Flat SKH51 Ejector Pins - Custom processing,Precision mold parts, mold core, cavity processing,plastic mould parts,mould parts\" \/>\n<meta property=\"og:description\" content=\"SKH51 Flat Ejector Pins And Sleeves \/ Mold Sleeves Injection Molding Pins ADA is acknowledged as a manufacturer, exporter &amp; suppliers of mould components product, available in a variety or grades, materials, and finishes, in metric and inch sizes, used in various machine and application. Sleeve pins are used to hold slides in a mould [&hellip;]\" \/>\n<meta property=\"og:url\" content=\"https:\/\/www.dgkoto.com\/es\/producto\/custom-flat-skh51-ejector-pins\/\" \/>\n<meta property=\"og:site_name\" content=\"Custom processing,Precision mold parts, mold core, cavity processing,plastic mould parts,mould parts\" \/>\n<meta property=\"article:modified_time\" content=\"2023-07-03T15:48:52+00:00\" \/>\n<meta property=\"og:image\" content=\"https:\/\/www.dgkoto.com\/wp-content\/uploads\/2023\/06\/Ejector-Pins.webp\" \/>\n\t<meta property=\"og:image:width\" content=\"300\" \/>\n\t<meta property=\"og:image:height\" content=\"300\" \/>\n\t<meta property=\"og:image:type\" content=\"image\/webp\" \/>\n<meta name=\"twitter:card\" content=\"summary_large_image\" \/>\n<meta name=\"twitter:label1\" content=\"Tiempo de lectura\" \/>\n\t<meta name=\"twitter:data1\" content=\"2 minutos\" \/>\n<script type=\"application\/ld+json\" class=\"yoast-schema-graph\">{\"@context\":\"https:\/\/schema.org\",\"@graph\":[{\"@type\":\"WebPage\",\"@id\":\"https:\/\/www.dgkoto.com\/product\/custom-flat-skh51-ejector-pins\/\",\"url\":\"https:\/\/www.dgkoto.com\/product\/custom-flat-skh51-ejector-pins\/\",\"name\":\"Custom Flat SKH51 Ejector Pins - Custom processing,Precision mold parts, mold core, cavity processing,plastic mould parts,mould parts\",\"isPartOf\":{\"@id\":\"https:\/\/www.dgkoto.com\/#website\"},\"datePublished\":\"2023-06-15T03:47:07+00:00\",\"dateModified\":\"2023-07-03T15:48:52+00:00\",\"breadcrumb\":{\"@id\":\"https:\/\/www.dgkoto.com\/product\/custom-flat-skh51-ejector-pins\/#breadcrumb\"},\"inLanguage\":\"es\",\"potentialAction\":[{\"@type\":\"ReadAction\",\"target\":[\"https:\/\/www.dgkoto.com\/product\/custom-flat-skh51-ejector-pins\/\"]}]},{\"@type\":\"BreadcrumbList\",\"@id\":\"https:\/\/www.dgkoto.com\/product\/custom-flat-skh51-ejector-pins\/#breadcrumb\",\"itemListElement\":[{\"@type\":\"ListItem\",\"position\":1,\"name\":\"\u9996\u9875\",\"item\":\"https:\/\/www.dgkoto.com\/\"},{\"@type\":\"ListItem\",\"position\":2,\"name\":\"Products\",\"item\":\"https:\/\/www.dgkoto.com\/?page_id=1731\"},{\"@type\":\"ListItem\",\"position\":3,\"name\":\"Custom Flat SKH51 Ejector Pins\"}]},{\"@type\":\"WebSite\",\"@id\":\"https:\/\/www.dgkoto.com\/#website\",\"url\":\"https:\/\/www.dgkoto.com\/\",\"name\":\"Custom processing,Precision mold parts, mold core, cavity processing\",\"description\":\"Dongguan KOTO mould Technology Co., LTD\",\"publisher\":{\"@id\":\"https:\/\/www.dgkoto.com\/#organization\"},\"potentialAction\":[{\"@type\":\"SearchAction\",\"target\":{\"@type\":\"EntryPoint\",\"urlTemplate\":\"https:\/\/www.dgkoto.com\/?s={search_term_string}\"},\"query-input\":\"required name=search_term_string\"}],\"inLanguage\":\"es\"},{\"@type\":\"Organization\",\"@id\":\"https:\/\/www.dgkoto.com\/#organization\",\"name\":\"Dongguan KOTO Mold Technology Co., Ltd.\",\"url\":\"https:\/\/www.dgkoto.com\/\",\"logo\":{\"@type\":\"ImageObject\",\"inLanguage\":\"es\",\"@id\":\"https:\/\/www.dgkoto.com\/#\/schema\/logo\/image\/\",\"url\":\"https:\/\/www.dgkoto.com\/wp-content\/uploads\/2023\/06\/512-512LOGO_\u526f\u672c\u65b0LOGO.png\",\"contentUrl\":\"https:\/\/www.dgkoto.com\/wp-content\/uploads\/2023\/06\/512-512LOGO_\u526f\u672c\u65b0LOGO.png\",\"width\":614,\"height\":614,\"caption\":\"Dongguan KOTO Mold Technology Co., Ltd.\"},\"image\":{\"@id\":\"https:\/\/www.dgkoto.com\/#\/schema\/logo\/image\/\"}}]}<\/script>\n<!-- \/ Yoast SEO plugin. -->","yoast_head_json":{"title":"Custom Flat SKH51 Ejector Pins - Custom processing,Precision mold parts, mold core, cavity processing,plastic mould parts,mould parts","robots":{"index":"index","follow":"follow","max-snippet":"max-snippet:-1","max-image-preview":"max-image-preview:large","max-video-preview":"max-video-preview:-1"},"canonical":"https:\/\/www.dgkoto.com\/es\/producto\/custom-flat-skh51-ejector-pins\/","og_locale":"es_ES","og_type":"article","og_title":"Custom Flat SKH51 Ejector Pins - Custom processing,Precision mold parts, mold core, cavity processing,plastic mould parts,mould parts","og_description":"SKH51 Flat Ejector Pins And Sleeves \/ Mold Sleeves Injection Molding Pins ADA is acknowledged as a manufacturer, exporter &amp; suppliers of mould components product, available in a variety or grades, materials, and finishes, in metric and inch sizes, used in various machine and application. Sleeve pins are used to hold slides in a mould [&hellip;]","og_url":"https:\/\/www.dgkoto.com\/es\/producto\/custom-flat-skh51-ejector-pins\/","og_site_name":"Custom processing,Precision mold parts, mold core, cavity processing,plastic mould parts,mould parts","article_modified_time":"2023-07-03T15:48:52+00:00","og_image":[{"width":300,"height":300,"url":"https:\/\/www.dgkoto.com\/wp-content\/uploads\/2023\/06\/Ejector-Pins.webp","type":"image\/webp"}],"twitter_card":"summary_large_image","twitter_misc":{"Tiempo de lectura":"2 minutos"},"schema":{"@context":"https:\/\/schema.org","@graph":[{"@type":"WebPage","@id":"https:\/\/www.dgkoto.com\/product\/custom-flat-skh51-ejector-pins\/","url":"https:\/\/www.dgkoto.com\/product\/custom-flat-skh51-ejector-pins\/","name":"Custom Flat SKH51 Ejector Pins - Custom processing,Precision mold parts, mold core, cavity processing,plastic mould parts,mould parts","isPartOf":{"@id":"https:\/\/www.dgkoto.com\/#website"},"datePublished":"2023-06-15T03:47:07+00:00","dateModified":"2023-07-03T15:48:52+00:00","breadcrumb":{"@id":"https:\/\/www.dgkoto.com\/product\/custom-flat-skh51-ejector-pins\/#breadcrumb"},"inLanguage":"es","potentialAction":[{"@type":"ReadAction","target":["https:\/\/www.dgkoto.com\/product\/custom-flat-skh51-ejector-pins\/"]}]},{"@type":"BreadcrumbList","@id":"https:\/\/www.dgkoto.com\/product\/custom-flat-skh51-ejector-pins\/#breadcrumb","itemListElement":[{"@type":"ListItem","position":1,"name":"\u9996\u9875","item":"https:\/\/www.dgkoto.com\/"},{"@type":"ListItem","position":2,"name":"Products","item":"https:\/\/www.dgkoto.com\/?page_id=1731"},{"@type":"ListItem","position":3,"name":"Custom Flat SKH51 Ejector Pins"}]},{"@type":"WebSite","@id":"https:\/\/www.dgkoto.com\/#website","url":"https:\/\/www.dgkoto.com\/","name":"Custom processing,Precision mold parts, mold core, cavity processing","description":"Dongguan KOTO mould Technology Co., LTD","publisher":{"@id":"https:\/\/www.dgkoto.com\/#organization"},"potentialAction":[{"@type":"SearchAction","target":{"@type":"EntryPoint","urlTemplate":"https:\/\/www.dgkoto.com\/?s={search_term_string}"},"query-input":"required name=search_term_string"}],"inLanguage":"es"},{"@type":"Organization","@id":"https:\/\/www.dgkoto.com\/#organization","name":"Dongguan KOTO Mold Technology Co., Ltd.","url":"https:\/\/www.dgkoto.com\/","logo":{"@type":"ImageObject","inLanguage":"es","@id":"https:\/\/www.dgkoto.com\/#\/schema\/logo\/image\/","url":"https:\/\/www.dgkoto.com\/wp-content\/uploads\/2023\/06\/512-512LOGO_\u526f\u672c\u65b0LOGO.png","contentUrl":"https:\/\/www.dgkoto.com\/wp-content\/uploads\/2023\/06\/512-512LOGO_\u526f\u672c\u65b0LOGO.png","width":614,"height":614,"caption":"Dongguan KOTO Mold Technology Co., Ltd."},"image":{"@id":"https:\/\/www.dgkoto.com\/#\/schema\/logo\/image\/"}}]}},"_links":{"self":[{"href":"https:\/\/www.dgkoto.com\/es\/wp-json\/wp\/v2\/product\/2876","targetHints":{"allow":["GET"]}}],"collection":[{"href":"https:\/\/www.dgkoto.com\/es\/wp-json\/wp\/v2\/product"}],"about":[{"href":"https:\/\/www.dgkoto.com\/es\/wp-json\/wp\/v2\/types\/product"}],"replies":[{"embeddable":true,"href":"https:\/\/www.dgkoto.com\/es\/wp-json\/wp\/v2\/comments?post=2876"}],"wp:featuredmedia":[{"embeddable":true,"href":"https:\/\/www.dgkoto.com\/es\/wp-json\/wp\/v2\/media\/2877"}],"wp:attachment":[{"href":"https:\/\/www.dgkoto.com\/es\/wp-json\/wp\/v2\/media?parent=2876"}],"wp:term":[{"taxonomy":"product_cat","embeddable":true,"href":"https:\/\/www.dgkoto.com\/es\/wp-json\/wp\/v2\/product_cat?post=2876"},{"taxonomy":"product_tag","embeddable":true,"href":"https:\/\/www.dgkoto.com\/es\/wp-json\/wp\/v2\/product_tag?post=2876"}],"curies":[{"name":"wp","href":"https:\/\/api.w.org\/{rel}","templated":true}]}}