{"id":2775,"date":"2023-06-15T10:27:53","date_gmt":"2023-06-15T02:27:53","guid":{"rendered":"http:\/\/www.dgkoto.com\/?page_id=2775"},"modified":"2023-07-05T04:07:19","modified_gmt":"2023-07-04T20:07:19","slug":"rfq","status":"publish","type":"page","link":"https:\/\/www.dgkoto.com\/es\/rfq\/","title":{"rendered":"PETICI\u00d3N DE OFERTA"},"content":{"rendered":"<div data-elementor-type=\"wp-page\" data-elementor-id=\"2775\" class=\"elementor elementor-2775\">\n\t\t\t\t\t\t\t\t\t<section class=\"elementor-section elementor-top-section elementor-element elementor-element-b6e72f1 elementor-section-boxed elementor-section-height-default elementor-section-height-default\" data-id=\"b6e72f1\" data-element_type=\"section\">\n\t\t\t\t\t\t<div class=\"elementor-container elementor-column-gap-default\">\n\t\t\t\t\t<div class=\"elementor-column elementor-col-66 elementor-top-column elementor-element elementor-element-b5d2a09\" data-id=\"b5d2a09\" data-element_type=\"column\">\n\t\t\t<div class=\"elementor-widget-wrap elementor-element-populated\">\n\t\t\t\t\t\t\t\t<div class=\"elementor-element elementor-element-f04f936 elementor-widget elementor-widget-text-editor\" data-id=\"f04f936\" data-element_type=\"widget\" data-widget_type=\"text-editor.default\">\n\t\t\t\t<div class=\"elementor-widget-container\">\n\t\t\t<style>\/*! elementor - v3.7.8 - 02-10-2022 *\/\n.elementor-widget-text-editor.elementor-drop-cap-view-stacked .elementor-drop-cap{background-color:#818a91;color:#fff}.elementor-widget-text-editor.elementor-drop-cap-view-framed .elementor-drop-cap{color:#818a91;border:3px solid;background-color:transparent}.elementor-widget-text-editor:not(.elementor-drop-cap-view-default) .elementor-drop-cap{margin-top:8px}.elementor-widget-text-editor:not(.elementor-drop-cap-view-default) .elementor-drop-cap-letter{width:1em;height:1em}.elementor-widget-text-editor .elementor-drop-cap{float:left;text-align:center;line-height:1;font-size:50px}.elementor-widget-text-editor .elementor-drop-cap-letter{display:inline-block}<\/style>\t\t\t\t<div id=\"fl-accordion-58a3c280b7399-tab-0\" class=\"fl-accordion-button\" tabindex=\"0\" role=\"tab\" aria-selected=\"false\" aria-controls=\"fl-accordion-58a3c280b7399-panel-0\" aria-expanded=\"true\"><h3 class=\"fl-accordion-button-label\">\u00bfQu\u00e9 gama de tama\u00f1os puede manejar?<\/h3><\/div><div id=\"fl-accordion-58a3c280b7399-panel-0\" class=\"fl-accordion-content fl-clearfix\" role=\"tabpanel\" aria-labelledby=\"fl-accordion-58a3c280b7399-tab-0\" aria-hidden=\"false\" aria-live=\"polite\"><p>Di\u00e1metros de 0,2 a 300 mm y longitudes de hasta 600 mm.<\/p><div id=\"fl-accordion-58a3c280b7399-tab-1\" class=\"fl-accordion-button\" tabindex=\"0\" role=\"tab\" aria-selected=\"false\" aria-controls=\"fl-accordion-58a3c280b7399-panel-1\" aria-expanded=\"true\"><h3 class=\"fl-accordion-button-label\">\u00bfQu\u00e9 tipo de componentes fabrican?<\/h3><\/div><div id=\"fl-accordion-58a3c280b7399-panel-1\" class=\"fl-accordion-content fl-clearfix\" role=\"tabpanel\" aria-labelledby=\"fl-accordion-58a3c280b7399-tab-1\" aria-hidden=\"false\" aria-live=\"polite\"><p>Los componentes modificados para requisitos particulares del molde de KOTO no s\u00f3lo limitaron al molde pl\u00e1stico, sellando muere, bastidor muere, pero tambi\u00e9n (prototipo) piezas m\u00e9dicas del dispositivo, plantillas y accesorios, componentes de alta precisi\u00f3n de la m\u00e1quina, MOQ es 1 PC.<\/p><div id=\"fl-accordion-58a3c280b7399-tab-2\" class=\"fl-accordion-button\" tabindex=\"0\" role=\"tab\" aria-selected=\"false\" aria-controls=\"fl-accordion-58a3c280b7399-panel-2\" aria-expanded=\"true\"><h3 class=\"fl-accordion-button-label\">\u00bfDe qu\u00e9 proceso de fabricaci\u00f3n se encarga?<\/h3><\/div><div id=\"fl-accordion-58a3c280b7399-panel-2\" class=\"fl-accordion-content fl-clearfix\" role=\"tabpanel\" aria-labelledby=\"fl-accordion-58a3c280b7399-tab-2\" aria-hidden=\"false\" aria-live=\"polite\"><p>WEDM,<br \/>Electroerosi\u00f3n por penetraci\u00f3n,<br \/>Fresado CNC,<br \/>Torneado CNC,<br \/>Perforaci\u00f3n,<br \/>Tapping,<br \/>Rectificado de superficies,<br \/>Rectificado cil\u00edndrico OD\/ID,<br \/>Rectificado sin centros<br \/>Marcado por l\u00e1ser<br \/>Revestimiento<br \/>etc.<\/p><div id=\"fl-accordion-58a3c280b7399-tab-3\" class=\"fl-accordion-button\" tabindex=\"0\" role=\"tab\" aria-selected=\"true\" aria-controls=\"fl-accordion-58a3c280b7399-panel-3\" aria-expanded=\"true\"><h3 class=\"fl-accordion-button-label\">\u00bfCu\u00e1l es el plazo general de entrega?<\/h3><\/div><div id=\"fl-accordion-58a3c280b7399-panel-3\" class=\"fl-accordion-content fl-clearfix\" role=\"tabpanel\" aria-labelledby=\"fl-accordion-58a3c280b7399-tab-3\" aria-hidden=\"false\" aria-live=\"polite\"><p>Suele ser de 7-16 d\u00edas , dependiendo de la cantidad, complejidad, tama\u00f1os, tratamiento superficial de las piezas.<\/p><\/div><\/div><\/div><\/div>\t\t\t\t\t\t<\/div>\n\t\t\t\t<\/div>\n\t\t\t\t\t<\/div>\n\t\t<\/div>\n\t\t\t\t<div class=\"elementor-column elementor-col-33 elementor-top-column elementor-element elementor-element-140ab22\" data-id=\"140ab22\" data-element_type=\"column\">\n\t\t\t<div class=\"elementor-widget-wrap elementor-element-populated\">\n\t\t\t\t\t\t\t\t<div class=\"elementor-element elementor-element-ce13ec5 elementor-search-form--skin-classic elementor-search-form--button-type-icon elementor-search-form--icon-search elementor-widget elementor-widget-search-form\" data-id=\"ce13ec5\" data-element_type=\"widget\" data-settings=\"{&quot;skin&quot;:&quot;classic&quot;}\" data-widget_type=\"search-form.default\">\n\t\t\t\t<div class=\"elementor-widget-container\">\n\t\t\t<link rel=\"stylesheet\" href=\"https:\/\/www.dgkoto.com\/wp-content\/plugins\/elementor-pro\/assets\/css\/widget-theme-elements.min.css\">\t\t<form class=\"elementor-search-form\" role=\"search\" action=\"https:\/\/www.dgkoto.com\/es\" method=\"get\" data-trp-original-action=\"https:\/\/www.dgkoto.com\/es\">\n\t\t\t\t\t\t\t\t\t<div class=\"elementor-search-form__container\">\n\t\t\t\t\t\t\t\t<input placeholder=\"Busca...\" class=\"elementor-search-form__input\" type=\"search\" name=\"s\" title=\"Buscar en\" value=\"\">\n\t\t\t\t\t\t\t\t\t\t\t\t\t<button class=\"elementor-search-form__submit\" type=\"submit\" title=\"Buscar en\" aria-label=\"Buscar en\">\n\t\t\t\t\t\t\t\t\t\t\t\t\t<i aria-hidden=\"true\" class=\"fas fa-search\"><\/i>\t\t\t\t\t\t\t<span class=\"elementor-screen-only\">Buscar en<\/span>\n\t\t\t\t\t\t\t\t\t\t\t<\/button>\n\t\t\t\t\t\t\t\t\t\t\t<\/div>\n\t\t<input type=\"hidden\" name=\"trp-form-language\" value=\"es\"\/><\/form>\n\t\t\t\t<\/div>\n\t\t\t\t<\/div>\n\t\t\t\t<div class=\"elementor-element elementor-element-1ed95d8 elementor-widget elementor-widget-heading\" data-id=\"1ed95d8\" data-element_type=\"widget\" data-widget_type=\"heading.default\">\n\t\t\t\t<div class=\"elementor-widget-container\">\n\t\t\t<style>\/*! elementor - v3.7.8 - 02-10-2022 *\/\n.elementor-heading-title{padding:0;margin:0;line-height:1}.elementor-widget-heading .elementor-heading-title[class*=elementor-size-]>a{color:inherit;font-size:inherit;line-height:inherit}.elementor-widget-heading .elementor-heading-title.elementor-size-small{font-size:15px}.elementor-widget-heading .elementor-heading-title.elementor-size-medium{font-size:19px}.elementor-widget-heading .elementor-heading-title.elementor-size-large{font-size:29px}.elementor-widget-heading .elementor-heading-title.elementor-size-xl{font-size:39px}.elementor-widget-heading .elementor-heading-title.elementor-size-xxl{font-size:59px}<\/style><h4 class=\"elementor-heading-title elementor-size-default elementor-heading-title elementor-size-default\">Principales productos:<\/h4>\t\t<\/div>\n\t\t\t\t<\/div>\n\t\t\t\t<div class=\"elementor-element elementor-element-d3e90c0 elementor-icon-list--layout-traditional elementor-list-item-link-full_width elementor-widget elementor-widget-icon-list\" data-id=\"d3e90c0\" data-element_type=\"widget\" data-widget_type=\"icon-list.default\">\n\t\t\t\t<div class=\"elementor-widget-container\">\n\t\t\t<link rel=\"stylesheet\" href=\"https:\/\/www.dgkoto.com\/wp-content\/plugins\/elementor\/assets\/css\/widget-icon-list.min.css\">\t\t<ul class=\"elementor-icon-list-items\">\n\t\t\t\t\t\t\t<li class=\"elementor-icon-list-item\">\n\t\t\t\t\t\t\t\t\t\t<span class=\"elementor-icon-list-text\">An\u00e1lisis del flujo de moldes<\/span>\n\t\t\t\t\t\t\t\t\t<\/li>\n\t\t\t\t\t\t\t\t<li class=\"elementor-icon-list-item\">\n\t\t\t\t\t\t\t\t\t\t<span class=\"elementor-icon-list-text\">Dise\u00f1o de moldes<\/span>\n\t\t\t\t\t\t\t\t\t<\/li>\n\t\t\t\t\t\t\t\t<li class=\"elementor-icon-list-item\">\n\t\t\t\t\t\t\t\t\t\t<span class=\"elementor-icon-list-text\">Moldes de inyecci\u00f3n de pl\u00e1stico<\/span>\n\t\t\t\t\t\t\t\t\t<\/li>\n\t\t\t\t\t\t\t\t<li class=\"elementor-icon-list-item\">\n\t\t\t\t\t\t\t\t\t\t<span class=\"elementor-icon-list-text\">Moldes de inyecci\u00f3n de pl\u00e1stico<\/span>\n\t\t\t\t\t\t\t\t\t<\/li>\n\t\t\t\t\t\t\t\t<li class=\"elementor-icon-list-item\">\n\t\t\t\t\t\t\t\t\t\t<span class=\"elementor-icon-list-text\">Piezas de moldes de precisi\u00f3n: insertos de moldes, correderas de moldes, n\u00facleos, cavidades, placas, piezas de carburo, pasadores eyectores, manguitos...<\/span>\n\t\t\t\t\t\t\t\t\t<\/li>\n\t\t\t\t\t\t\t\t<li class=\"elementor-icon-list-item\">\n\t\t\t\t\t\t\t\t\t\t<span class=\"elementor-icon-list-text\">Piezas de maquinaria<\/span>\n\t\t\t\t\t\t\t\t\t<\/li>\n\t\t\t\t\t\t<\/ul>\n\t\t\t\t<\/div>\n\t\t\t\t<\/div>\n\t\t\t\t<div class=\"elementor-element elementor-element-4635e51 elementor-widget elementor-widget-heading\" data-id=\"4635e51\" data-element_type=\"widget\" data-widget_type=\"heading.default\">\n\t\t\t\t<div class=\"elementor-widget-container\">\n\t\t\t<h4 class=\"elementor-heading-title elementor-size-default elementor-heading-title elementor-size-default\">\u00bfPor qu\u00e9 elegirnos?<\/h4>\t\t<\/div>\n\t\t\t\t<\/div>\n\t\t\t\t<div class=\"elementor-element elementor-element-072aa32 elementor-icon-list--layout-traditional elementor-list-item-link-full_width elementor-widget elementor-widget-icon-list\" data-id=\"072aa32\" data-element_type=\"widget\" data-widget_type=\"icon-list.default\">\n\t\t\t\t<div class=\"elementor-widget-container\">\n\t\t\t\t\t<ul class=\"elementor-icon-list-items\">\n\t\t\t\t\t\t\t<li class=\"elementor-icon-list-item\">\n\t\t\t\t\t\t\t\t\t\t<span class=\"elementor-icon-list-text\">Como fabricante, estamos especializados en todo tipo de piezas de moldes de precisi\u00f3n.<\/span>\n\t\t\t\t\t\t\t\t\t<\/li>\n\t\t\t\t\t\t\t\t<li class=\"elementor-icon-list-item\">\n\t\t\t\t\t\t\t\t\t\t<span class=\"elementor-icon-list-text\">Buena experiencia de 12 a\u00f1os para hacer piezas de troquelado de estampaci\u00f3n, piezas de troquelado de inyecci\u00f3n, piezas de autom\u00f3vil, productos de metalister\u00eda.<\/span>\n\t\t\t\t\t\t\t\t\t<\/li>\n\t\t\t\t\t\t\t\t<li class=\"elementor-icon-list-item\">\n\t\t\t\t\t\t\t\t\t\t<span class=\"elementor-icon-list-text\">Disponemos de equipos de producci\u00f3n avanzados y operarios experimentados.<\/span>\n\t\t\t\t\t\t\t\t\t<\/li>\n\t\t\t\t\t\t\t\t<li class=\"elementor-icon-list-item\">\n\t\t\t\t\t\t\t\t\t\t<span class=\"elementor-icon-list-text\">Buena experiencia en OEM y ODM para nuestros clientes.<\/span>\n\t\t\t\t\t\t\t\t\t<\/li>\n\t\t\t\t\t\t\t\t<li class=\"elementor-icon-list-item\">\n\t\t\t\t\t\t\t\t\t\t<span class=\"elementor-icon-list-text\">Proporcionar el mejor precio, buena calidad y entrega r\u00e1pida.<\/span>\n\t\t\t\t\t\t\t\t\t<\/li>\n\t\t\t\t\t\t<\/ul>\n\t\t\t\t<\/div>\n\t\t\t\t<\/div>\n\t\t\t\t<div class=\"elementor-element elementor-element-e1ec0f4 elementor-widget elementor-widget-heading\" data-id=\"e1ec0f4\" data-element_type=\"widget\" data-widget_type=\"heading.default\">\n\t\t\t\t<div class=\"elementor-widget-container\">\n\t\t\t<h4 class=\"elementor-heading-title elementor-size-default elementor-heading-title elementor-size-default\">Garant\u00eda de calidad<\/h4>\t\t<\/div>\n\t\t\t\t<\/div>\n\t\t\t\t<div class=\"elementor-element elementor-element-f59c782 elementor-icon-list--layout-traditional elementor-list-item-link-full_width elementor-widget elementor-widget-icon-list\" data-id=\"f59c782\" data-element_type=\"widget\" data-widget_type=\"icon-list.default\">\n\t\t\t\t<div class=\"elementor-widget-container\">\n\t\t\t\t\t<ul class=\"elementor-icon-list-items\">\n\t\t\t\t\t\t\t<li class=\"elementor-icon-list-item\">\n\t\t\t\t\t\t\t\t\t\t<span class=\"elementor-icon-list-text\">Los informes de inspecci\u00f3n de control de calidad se entregar\u00e1n con las mercanc\u00edas<\/span>\n\t\t\t\t\t\t\t\t\t<\/li>\n\t\t\t\t\t\t\t\t<li class=\"elementor-icon-list-item\">\n\t\t\t\t\t\t\t\t\t\t<span class=\"elementor-icon-list-text\">Podr\u00edan facilitarse informes de MMC para n\u00facleos, cavidades<\/span>\n\t\t\t\t\t\t\t\t\t<\/li>\n\t\t\t\t\t\t\t\t<li class=\"elementor-icon-list-item\">\n\t\t\t\t\t\t\t\t\t\t<span class=\"elementor-icon-list-text\">Se proporcionar\u00e1 un an\u00e1lisis del flujo del molde antes de fabricar los moldes<\/span>\n\t\t\t\t\t\t\t\t\t<\/li>\n\t\t\t\t\t\t<\/ul>\n\t\t\t\t<\/div>\n\t\t\t\t<\/div>\n\t\t\t\t<div class=\"elementor-element elementor-element-14b1a40 elementor-widget elementor-widget-heading\" data-id=\"14b1a40\" data-element_type=\"widget\" data-widget_type=\"heading.default\">\n\t\t\t\t<div class=\"elementor-widget-container\">\n\t\t\t<h4 class=\"elementor-heading-title elementor-size-default elementor-heading-title elementor-size-default\">PETICI\u00d3N DE OFERTA<\/h4>\t\t<\/div>\n\t\t\t\t<\/div>\n\t\t\t\t<div class=\"elementor-element elementor-element-5fdb4b7 elementor-widget elementor-widget-text-editor\" data-id=\"5fdb4b7\" data-element_type=\"widget\" data-widget_type=\"text-editor.default\">\n\t\t\t\t<div class=\"elementor-widget-container\">\n\t\t\t\t\t\t\t<p>La oferta se enviar\u00e1 en el plazo de 1 d\u00eda laborable<br \/>Correo electr\u00f3nico: info@dgkoto.com<br \/>WhatsApp: 86-15007699599<br \/>M\u00f3vil: 86-15007699599<\/p><p>\u00a0 \u00a0 \u00a0 \u00a0 \u00a0 \u00a0 \u00a0 \u00a0 \u00a0 \u00a0 \u00a0 \u00a0 \u00a0 \u00a0 \u00a0 \u00a0 \u00a0WeChat<\/p><p><img loading=\"lazy\" decoding=\"async\" class=\"alignnone wp-image-3168 size-medium\" src=\"http:\/\/7940790.demo9.xinyijiapin.com\/wp-content\/uploads\/2023\/06\/\u5fae\u4fe1\u4e8c\u7ef4\u7801-300x300.png\" alt=\"\" width=\"300\" height=\"300\" srcset=\"https:\/\/www.dgkoto.com\/wp-content\/uploads\/2023\/06\/\u5fae\u4fe1\u4e8c\u7ef4\u7801-300x300.png 300w, https:\/\/www.dgkoto.com\/wp-content\/uploads\/2023\/06\/\u5fae\u4fe1\u4e8c\u7ef4\u7801-150x150.png 150w, https:\/\/www.dgkoto.com\/wp-content\/uploads\/2023\/06\/\u5fae\u4fe1\u4e8c\u7ef4\u7801-768x768.png 768w, https:\/\/www.dgkoto.com\/wp-content\/uploads\/2023\/06\/\u5fae\u4fe1\u4e8c\u7ef4\u7801-12x12.png 12w, https:\/\/www.dgkoto.com\/wp-content\/uploads\/2023\/06\/\u5fae\u4fe1\u4e8c\u7ef4\u7801-600x600.png 600w, https:\/\/www.dgkoto.com\/wp-content\/uploads\/2023\/06\/\u5fae\u4fe1\u4e8c\u7ef4\u7801-100x100.png 100w, https:\/\/www.dgkoto.com\/wp-content\/uploads\/2023\/06\/\u5fae\u4fe1\u4e8c\u7ef4\u7801.png 960w\" sizes=\"auto, (max-width: 300px) 100vw, 300px\" \/><\/p>\t\t\t\t\t\t<\/div>\n\t\t\t\t<\/div>\n\t\t\t\t\t<\/div>\n\t\t<\/div>\n\t\t\t\t\t\t\t<\/div>\n\t\t<\/section>\n\t\t\t\t\t\t\t<\/div>","protected":false},"excerpt":{"rendered":"<p>What size range can you operate? Diameters ranging from 0.2 to 300\u00a0 mm and lengths up to 600mm. What kind of components do you manufacture? KOTO Mould\u00a0 customized components not only limited to plastic mold, stamping dies , casting dies, but also (prototype) medical device parts, jigs &amp; fixtures, high precision machine components, MOQ is [&hellip;]<\/p>","protected":false},"author":1,"featured_media":0,"parent":0,"menu_order":0,"comment_status":"closed","ping_status":"closed","template":"","meta":{"footnotes":""},"class_list":["post-2775","page","type-page","status-publish","hentry"],"yoast_head":"<!-- This site is optimized with the Yoast SEO plugin v20.10 - https:\/\/yoast.com\/wordpress\/plugins\/seo\/ -->\n<title>RFQ - Custom processing,Precision mold parts, mold core, cavity processing,plastic mould parts,mould parts<\/title>\n<meta name=\"robots\" content=\"index, follow, max-snippet:-1, max-image-preview:large, max-video-preview:-1\" \/>\n<link rel=\"canonical\" href=\"https:\/\/www.dgkoto.com\/es\/rfq\/\" \/>\n<meta property=\"og:locale\" content=\"es_ES\" \/>\n<meta property=\"og:type\" content=\"article\" \/>\n<meta property=\"og:title\" content=\"RFQ - Custom processing,Precision mold parts, mold core, cavity processing,plastic mould parts,mould parts\" \/>\n<meta property=\"og:description\" content=\"What size range can you operate? Diameters ranging from 0.2 to 300\u00a0 mm and lengths up to 600mm. What kind of components do you manufacture? KOTO Mould\u00a0 customized components not only limited to plastic mold, stamping dies , casting dies, but also (prototype) medical device parts, jigs &amp; fixtures, high precision machine components, MOQ is [&hellip;]\" \/>\n<meta property=\"og:url\" content=\"https:\/\/www.dgkoto.com\/es\/rfq\/\" \/>\n<meta property=\"og:site_name\" content=\"Custom processing,Precision mold parts, mold core, cavity processing,plastic mould parts,mould parts\" \/>\n<meta property=\"article:modified_time\" content=\"2023-07-04T20:07:19+00:00\" \/>\n<meta name=\"twitter:card\" content=\"summary_large_image\" \/>\n<meta name=\"twitter:label1\" content=\"Tiempo de lectura\" \/>\n\t<meta name=\"twitter:data1\" content=\"2 minutos\" \/>\n<script type=\"application\/ld+json\" class=\"yoast-schema-graph\">{\"@context\":\"https:\/\/schema.org\",\"@graph\":[{\"@type\":\"WebPage\",\"@id\":\"https:\/\/www.dgkoto.com\/rfq\/\",\"url\":\"https:\/\/www.dgkoto.com\/rfq\/\",\"name\":\"RFQ - Custom processing,Precision mold parts, mold core, cavity processing,plastic mould parts,mould parts\",\"isPartOf\":{\"@id\":\"https:\/\/www.dgkoto.com\/#website\"},\"datePublished\":\"2023-06-15T02:27:53+00:00\",\"dateModified\":\"2023-07-04T20:07:19+00:00\",\"breadcrumb\":{\"@id\":\"https:\/\/www.dgkoto.com\/rfq\/#breadcrumb\"},\"inLanguage\":\"es\",\"potentialAction\":[{\"@type\":\"ReadAction\",\"target\":[\"https:\/\/www.dgkoto.com\/rfq\/\"]}]},{\"@type\":\"BreadcrumbList\",\"@id\":\"https:\/\/www.dgkoto.com\/rfq\/#breadcrumb\",\"itemListElement\":[{\"@type\":\"ListItem\",\"position\":1,\"name\":\"\u9996\u9875\",\"item\":\"https:\/\/www.dgkoto.com\/\"},{\"@type\":\"ListItem\",\"position\":2,\"name\":\"RFQ\"}]},{\"@type\":\"WebSite\",\"@id\":\"https:\/\/www.dgkoto.com\/#website\",\"url\":\"https:\/\/www.dgkoto.com\/\",\"name\":\"Custom processing,Precision mold parts, mold core, cavity processing\",\"description\":\"Dongguan KOTO mould Technology Co., LTD\",\"publisher\":{\"@id\":\"https:\/\/www.dgkoto.com\/#organization\"},\"potentialAction\":[{\"@type\":\"SearchAction\",\"target\":{\"@type\":\"EntryPoint\",\"urlTemplate\":\"https:\/\/www.dgkoto.com\/?s={search_term_string}\"},\"query-input\":\"required name=search_term_string\"}],\"inLanguage\":\"es\"},{\"@type\":\"Organization\",\"@id\":\"https:\/\/www.dgkoto.com\/#organization\",\"name\":\"Dongguan KOTO Mold Technology Co., Ltd.\",\"url\":\"https:\/\/www.dgkoto.com\/\",\"logo\":{\"@type\":\"ImageObject\",\"inLanguage\":\"es\",\"@id\":\"https:\/\/www.dgkoto.com\/#\/schema\/logo\/image\/\",\"url\":\"https:\/\/www.dgkoto.com\/wp-content\/uploads\/2023\/06\/512-512LOGO_\u526f\u672c\u65b0LOGO.png\",\"contentUrl\":\"https:\/\/www.dgkoto.com\/wp-content\/uploads\/2023\/06\/512-512LOGO_\u526f\u672c\u65b0LOGO.png\",\"width\":614,\"height\":614,\"caption\":\"Dongguan KOTO Mold Technology Co., Ltd.\"},\"image\":{\"@id\":\"https:\/\/www.dgkoto.com\/#\/schema\/logo\/image\/\"}}]}<\/script>\n<!-- \/ Yoast SEO plugin. -->","yoast_head_json":{"title":"RFQ - Custom processing,Precision mold parts, mold core, cavity processing,plastic mould parts,mould parts","robots":{"index":"index","follow":"follow","max-snippet":"max-snippet:-1","max-image-preview":"max-image-preview:large","max-video-preview":"max-video-preview:-1"},"canonical":"https:\/\/www.dgkoto.com\/es\/rfq\/","og_locale":"es_ES","og_type":"article","og_title":"RFQ - Custom processing,Precision mold parts, mold core, cavity processing,plastic mould parts,mould parts","og_description":"What size range can you operate? Diameters ranging from 0.2 to 300\u00a0 mm and lengths up to 600mm. What kind of components do you manufacture? KOTO Mould\u00a0 customized components not only limited to plastic mold, stamping dies , casting dies, but also (prototype) medical device parts, jigs &amp; fixtures, high precision machine components, MOQ is [&hellip;]","og_url":"https:\/\/www.dgkoto.com\/es\/rfq\/","og_site_name":"Custom processing,Precision mold parts, mold core, cavity processing,plastic mould parts,mould parts","article_modified_time":"2023-07-04T20:07:19+00:00","twitter_card":"summary_large_image","twitter_misc":{"Tiempo de lectura":"2 minutos"},"schema":{"@context":"https:\/\/schema.org","@graph":[{"@type":"WebPage","@id":"https:\/\/www.dgkoto.com\/rfq\/","url":"https:\/\/www.dgkoto.com\/rfq\/","name":"RFQ - Custom processing,Precision mold parts, mold core, cavity processing,plastic mould parts,mould parts","isPartOf":{"@id":"https:\/\/www.dgkoto.com\/#website"},"datePublished":"2023-06-15T02:27:53+00:00","dateModified":"2023-07-04T20:07:19+00:00","breadcrumb":{"@id":"https:\/\/www.dgkoto.com\/rfq\/#breadcrumb"},"inLanguage":"es","potentialAction":[{"@type":"ReadAction","target":["https:\/\/www.dgkoto.com\/rfq\/"]}]},{"@type":"BreadcrumbList","@id":"https:\/\/www.dgkoto.com\/rfq\/#breadcrumb","itemListElement":[{"@type":"ListItem","position":1,"name":"\u9996\u9875","item":"https:\/\/www.dgkoto.com\/"},{"@type":"ListItem","position":2,"name":"RFQ"}]},{"@type":"WebSite","@id":"https:\/\/www.dgkoto.com\/#website","url":"https:\/\/www.dgkoto.com\/","name":"Custom processing,Precision mold parts, mold core, cavity processing","description":"Dongguan KOTO mould Technology Co., LTD","publisher":{"@id":"https:\/\/www.dgkoto.com\/#organization"},"potentialAction":[{"@type":"SearchAction","target":{"@type":"EntryPoint","urlTemplate":"https:\/\/www.dgkoto.com\/?s={search_term_string}"},"query-input":"required name=search_term_string"}],"inLanguage":"es"},{"@type":"Organization","@id":"https:\/\/www.dgkoto.com\/#organization","name":"Dongguan KOTO Mold Technology Co., Ltd.","url":"https:\/\/www.dgkoto.com\/","logo":{"@type":"ImageObject","inLanguage":"es","@id":"https:\/\/www.dgkoto.com\/#\/schema\/logo\/image\/","url":"https:\/\/www.dgkoto.com\/wp-content\/uploads\/2023\/06\/512-512LOGO_\u526f\u672c\u65b0LOGO.png","contentUrl":"https:\/\/www.dgkoto.com\/wp-content\/uploads\/2023\/06\/512-512LOGO_\u526f\u672c\u65b0LOGO.png","width":614,"height":614,"caption":"Dongguan KOTO Mold Technology Co., Ltd."},"image":{"@id":"https:\/\/www.dgkoto.com\/#\/schema\/logo\/image\/"}}]}},"_links":{"self":[{"href":"https:\/\/www.dgkoto.com\/es\/wp-json\/wp\/v2\/pages\/2775","targetHints":{"allow":["GET"]}}],"collection":[{"href":"https:\/\/www.dgkoto.com\/es\/wp-json\/wp\/v2\/pages"}],"about":[{"href":"https:\/\/www.dgkoto.com\/es\/wp-json\/wp\/v2\/types\/page"}],"author":[{"embeddable":true,"href":"https:\/\/www.dgkoto.com\/es\/wp-json\/wp\/v2\/users\/1"}],"replies":[{"embeddable":true,"href":"https:\/\/www.dgkoto.com\/es\/wp-json\/wp\/v2\/comments?post=2775"}],"version-history":[{"count":16,"href":"https:\/\/www.dgkoto.com\/es\/wp-json\/wp\/v2\/pages\/2775\/revisions"}],"predecessor-version":[{"id":4024,"href":"https:\/\/www.dgkoto.com\/es\/wp-json\/wp\/v2\/pages\/2775\/revisions\/4024"}],"wp:attachment":[{"href":"https:\/\/www.dgkoto.com\/es\/wp-json\/wp\/v2\/media?parent=2775"}],"curies":[{"name":"wp","href":"https:\/\/api.w.org\/{rel}","templated":true}]}}